{"id":2569,"date":"2018-03-11T16:26:59","date_gmt":"2018-03-11T14:26:59","guid":{"rendered":"http:\/\/ozlemacaroglu.com\/?page_id=2569"},"modified":"2021-04-01T16:52:27","modified_gmt":"2021-04-01T13:52:27","slug":"gosteriler","status":"publish","type":"page","link":"https:\/\/ozlemacaroglu.com\/?page_id=2569","title":{"rendered":"G\u00f6steriler"},"content":{"rendered":"\t\t<div data-elementor-type=\"wp-page\" data-elementor-id=\"2569\" class=\"elementor elementor-2569\">\n\t\t\t\t\t\t<section class=\"elementor-section elementor-top-section elementor-element elementor-element-ef022e9 elementor-section-boxed elementor-section-height-default elementor-section-height-default\" data-id=\"ef022e9\" data-element_type=\"section\">\n\t\t\t\t\t\t<div class=\"elementor-container elementor-column-gap-default\">\n\t\t\t\t\t<div class=\"elementor-column elementor-col-100 elementor-top-column elementor-element elementor-element-2c6afbc\" data-id=\"2c6afbc\" data-element_type=\"column\">\n\t\t\t<div class=\"elementor-widget-wrap elementor-element-populated\">\n\t\t\t\t\t\t<div class=\"elementor-element elementor-element-008cb50 elementor-invisible elementor-widget elementor-widget-image-gallery\" data-id=\"008cb50\" data-element_type=\"widget\" data-settings=\"{&quot;_animation&quot;:&quot;bounceInDown&quot;}\" data-widget_type=\"image-gallery.default\">\n\t\t\t\t<div class=\"elementor-widget-container\">\n\t\t\t\t\t<div class=\"elementor-image-gallery\">\n\t\t\t<div id='gallery-1' class='gallery galleryid-2569 gallery-columns-4 gallery-size-thumbnail'><figure class='gallery-item'>\n\t\t\t<div class='gallery-icon portrait'>\n\t\t\t\t<a data-elementor-open-lightbox=\"yes\" data-elementor-lightbox-slideshow=\"008cb50\" data-elementor-lightbox-title=\"Galata Foto\u011frafhanesi - Ses&#039;sis Zamanlar Sunum ve S\u00f6yle\u015fi\" data-elementor-lightbox-description=\"Galata Foto\u011frafhanesi - Ses&#039;sis Zamanlar Sunum ve S\u00f6yle\u015fi\" data-e-action-hash=\"#elementor-action%3Aaction%3Dlightbox%26settings%3DeyJpZCI6MjYzNywidXJsIjoiaHR0cHM6XC9cL296bGVtYWNhcm9nbHUuY29tXC93cC1jb250ZW50XC91cGxvYWRzXC8yMDE4XC8wNFwvR2FsYXRhX0ZvdG9ncmFmaGFuZXNpX1Nlc19zaXNfWmFtYW5sYXJfU3VudW1fdmVfU295bGVzaS5qcGciLCJzbGlkZXNob3ciOiIwMDhjYjUwIn0%3D\" href='https:\/\/ozlemacaroglu.com\/wp-content\/uploads\/2018\/04\/Galata_Fotografhanesi_Ses_sis_Zamanlar_Sunum_ve_Soylesi.jpg'><img decoding=\"async\" width=\"150\" height=\"150\" src=\"https:\/\/ozlemacaroglu.com\/wp-content\/uploads\/2018\/04\/Galata_Fotografhanesi_Ses_sis_Zamanlar_Sunum_ve_Soylesi-150x150.jpg\" class=\"attachment-thumbnail size-thumbnail\" alt=\"Galata Foto\u011frafhanesi - Ses&#039;sis Zamanlar Sunum ve S\u00f6yle\u015fi\" aria-describedby=\"gallery-1-2637\" \/><\/a>\n\t\t\t<\/div>\n\t\t\t\t<figcaption class='wp-caption-text gallery-caption' id='gallery-1-2637'>\n\t\t\t\tGalata Foto\u011frafhanesi &#8211; Ses&#8217;sis Zamanlar Sunum ve S\u00f6yle\u015fi\n\t\t\t\t<\/figcaption><\/figure><figure class='gallery-item'>\n\t\t\t<div class='gallery-icon landscape'>\n\t\t\t\t<a data-elementor-open-lightbox=\"yes\" data-elementor-lightbox-slideshow=\"008cb50\" data-elementor-lightbox-title=\"Gezfod - Ses&#039;sis Zamanlar Sunum ve S\u00f6yle\u015fi\" data-elementor-lightbox-description=\"Gezfod - Ses&#039;sis Zamanlar Sunum ve S\u00f6yle\u015fi\" data-e-action-hash=\"#elementor-action%3Aaction%3Dlightbox%26settings%3DeyJpZCI6MjYzOCwidXJsIjoiaHR0cHM6XC9cL296bGVtYWNhcm9nbHUuY29tXC93cC1jb250ZW50XC91cGxvYWRzXC8yMDE4XC8wNFwvR2V6Zm9kX1Nlc19zaXNfWmFtYW5sYXJfU3VudW1fdmVfU295bGVzaS5qcGciLCJzbGlkZXNob3ciOiIwMDhjYjUwIn0%3D\" href='https:\/\/ozlemacaroglu.com\/wp-content\/uploads\/2018\/04\/Gezfod_Ses_sis_Zamanlar_Sunum_ve_Soylesi.jpg'><img decoding=\"async\" width=\"150\" height=\"150\" src=\"https:\/\/ozlemacaroglu.com\/wp-content\/uploads\/2018\/04\/Gezfod_Ses_sis_Zamanlar_Sunum_ve_Soylesi-150x150.jpg\" class=\"attachment-thumbnail size-thumbnail\" alt=\"Gezfod - Ses&#039;sis Zamanlar Sunum ve S\u00f6yle\u015fi\" aria-describedby=\"gallery-1-2638\" \/><\/a>\n\t\t\t<\/div>\n\t\t\t\t<figcaption class='wp-caption-text gallery-caption' id='gallery-1-2638'>\n\t\t\t\tGezfod &#8211; Ses&#8217;sis Zamanlar Sunum ve S\u00f6yle\u015fi\n\t\t\t\t<\/figcaption><\/figure><figure class='gallery-item'>\n\t\t\t<div class='gallery-icon portrait'>\n\t\t\t\t<a data-elementor-open-lightbox=\"yes\" data-elementor-lightbox-slideshow=\"008cb50\" data-elementor-lightbox-title=\"\u00d6zlem Acaro\u011flu, Ses&#039;sis Zamanlar, Giresun \u00dcniversitesi\" data-elementor-lightbox-description=\"\u00d6zlem Acaro\u011flu, Ses&#039;sis Zamanlar, Giresun \u00dcniversitesi\" data-e-action-hash=\"#elementor-action%3Aaction%3Dlightbox%26settings%3DeyJpZCI6MjYwNywidXJsIjoiaHR0cHM6XC9cL296bGVtYWNhcm9nbHUuY29tXC93cC1jb250ZW50XC91cGxvYWRzXC8yMDE4XC8wM1wvMDFPemxlbV9BY2Fyb2dsdS1TZXNfc2lzX1phbWFubGFyLUdpcmVzdW5fVW5pdmVyc2l0ZXNpLmpwZyIsInNsaWRlc2hvdyI6IjAwOGNiNTAifQ%3D%3D\" href='https:\/\/ozlemacaroglu.com\/wp-content\/uploads\/2018\/03\/01Ozlem_Acaroglu-Ses_sis_Zamanlar-Giresun_Universitesi.jpg'><img decoding=\"async\" width=\"150\" height=\"150\" src=\"https:\/\/ozlemacaroglu.com\/wp-content\/uploads\/2018\/03\/01Ozlem_Acaroglu-Ses_sis_Zamanlar-Giresun_Universitesi-150x150.jpg\" class=\"attachment-thumbnail size-thumbnail\" alt=\"\u00d6zlem Acaro\u011flu, Ses&#039;sis Zamanlar, Giresun \u00dcniversitesi\" aria-describedby=\"gallery-1-2607\" \/><\/a>\n\t\t\t<\/div>\n\t\t\t\t<figcaption class='wp-caption-text gallery-caption' id='gallery-1-2607'>\n\t\t\t\t\u00d6zlem Acaro\u011flu, Ses&#8217;sis Zamanlar, Giresun \u00dcniversitesi\n\t\t\t\t<\/figcaption><\/figure><figure class='gallery-item'>\n\t\t\t<div class='gallery-icon portrait'>\n\t\t\t\t<a data-elementor-open-lightbox=\"yes\" data-elementor-lightbox-slideshow=\"008cb50\" data-elementor-lightbox-title=\"\u0130stanbul, Kemerburgaz \u00dcniversitesi sunum ve s\u00f6yle\u015fi\" data-elementor-lightbox-description=\"\u0130stanbul, Kemerburgaz \u00dcniversitesi sunum ve s\u00f6yle\u015fi\" data-e-action-hash=\"#elementor-action%3Aaction%3Dlightbox%26settings%3DeyJpZCI6MjYwOCwidXJsIjoiaHR0cHM6XC9cL296bGVtYWNhcm9nbHUuY29tXC93cC1jb250ZW50XC91cGxvYWRzXC8yMDE4XC8wM1wvMDJJc3RhbmJ1bC1LZW1lcmJ1cmdhel9Vbml2ZXJzaXRlc2lfc3VudW1fdmVfc295bGVzaS5qcGciLCJzbGlkZXNob3ciOiIwMDhjYjUwIn0%3D\" href='https:\/\/ozlemacaroglu.com\/wp-content\/uploads\/2018\/03\/02Istanbul-Kemerburgaz_Universitesi_sunum_ve_soylesi.jpg'><img loading=\"lazy\" decoding=\"async\" width=\"150\" height=\"150\" src=\"https:\/\/ozlemacaroglu.com\/wp-content\/uploads\/2018\/03\/02Istanbul-Kemerburgaz_Universitesi_sunum_ve_soylesi-150x150.jpg\" class=\"attachment-thumbnail size-thumbnail\" alt=\"\u0130stanbul, Kemerburgaz \u00dcniversitesi sunum ve s\u00f6yle\u015fi\" aria-describedby=\"gallery-1-2608\" \/><\/a>\n\t\t\t<\/div>\n\t\t\t\t<figcaption class='wp-caption-text gallery-caption' id='gallery-1-2608'>\n\t\t\t\t\u0130stanbul, Kemerburgaz \u00dcniversitesi sunum ve s\u00f6yle\u015fi\n\t\t\t\t<\/figcaption><\/figure>\n\t\t<\/div>\n\t\t<\/div>\n\t\t\t\t<\/div>\n\t\t\t\t<\/div>\n\t\t\t\t\t<\/div>\n\t\t<\/div>\n\t\t\t\t\t<\/div>\n\t\t<\/section>\n\t\t\t\t<section class=\"elementor-section elementor-top-section elementor-element elementor-element-2a6e elementor-section-boxed elementor-section-height-default elementor-section-height-default elementor-invisible\" data-id=\"2a6e\" data-element_type=\"section\" data-settings=\"{&quot;animation&quot;:&quot;rotateIn&quot;}\">\n\t\t\t\t\t\t<div class=\"elementor-container elementor-column-gap-default\">\n\t\t\t\t\t<div class=\"elementor-column elementor-col-100 elementor-top-column elementor-element elementor-element-102d\" data-id=\"102d\" data-element_type=\"column\">\n\t\t\t<div class=\"elementor-widget-wrap elementor-element-populated\">\n\t\t\t\t\t\t<div class=\"elementor-element elementor-element-42e8 elementor-align-center elementor-widget elementor-widget-button\" data-id=\"42e8\" data-element_type=\"widget\" data-widget_type=\"button.default\">\n\t\t\t\t<div class=\"elementor-widget-container\">\n\t\t\t\t\t<div class=\"elementor-button-wrapper\">\n\t\t\t<a class=\"elementor-button elementor-button-link elementor-size-sm\" href=\"http:\/\/ozlemacaroglu.com\/?page_id=1079\">\n\t\t\t\t\t\t<span class=\"elementor-button-content-wrapper\">\n\t\t\t\t\t\t<span class=\"elementor-button-icon elementor-align-icon-left\">\n\t\t\t\t<i aria-hidden=\"true\" class=\"fas fa-arrow-circle-left\"><\/i>\t\t\t<\/span>\n\t\t\t\t\t\t\t\t\t<span class=\"elementor-button-text\">\"Sergiler, Bas\u0131n, Fuarlar, G\u00f6steriler...\" sayfas\u0131na geri d\u00f6n...<\/span>\n\t\t\t\t\t<\/span>\n\t\t\t\t\t<\/a>\n\t\t<\/div>\n\t\t\t\t<\/div>\n\t\t\t\t<\/div>\n\t\t\t\t\t<\/div>\n\t\t<\/div>\n\t\t\t\t\t<\/div>\n\t\t<\/section>\n\t\t\t\t<\/div>\n\t\t ","protected":false},"excerpt":{"rendered":"<p>Galata Foto\u011frafhanesi &#8211; Ses&#8217;sis Zamanlar Sunum ve S\u00f6yle\u015fi Gezfod &#8211; Ses&#8217;sis Zamanlar Sunum ve S\u00f6yle\u015fi \u00d6zlem Acaro\u011flu, Ses&#8217;sis Zamanlar, Giresun \u00dcniversitesi \u0130stanbul, [&hellip;]<\/p>\n","protected":false},"author":1,"featured_media":0,"parent":0,"menu_order":0,"comment_status":"open","ping_status":"closed","template":"page-templates\/page_fullwidth.php","meta":{"footnotes":""},"_links":{"self":[{"href":"https:\/\/ozlemacaroglu.com\/index.php?rest_route=\/wp\/v2\/pages\/2569"}],"collection":[{"href":"https:\/\/ozlemacaroglu.com\/index.php?rest_route=\/wp\/v2\/pages"}],"about":[{"href":"https:\/\/ozlemacaroglu.com\/index.php?rest_route=\/wp\/v2\/types\/page"}],"author":[{"embeddable":true,"href":"https:\/\/ozlemacaroglu.com\/index.php?rest_route=\/wp\/v2\/users\/1"}],"replies":[{"embeddable":true,"href":"https:\/\/ozlemacaroglu.com\/index.php?rest_route=%2Fwp%2Fv2%2Fcomments&post=2569"}],"version-history":[{"count":11,"href":"https:\/\/ozlemacaroglu.com\/index.php?rest_route=\/wp\/v2\/pages\/2569\/revisions"}],"predecessor-version":[{"id":3015,"href":"https:\/\/ozlemacaroglu.com\/index.php?rest_route=\/wp\/v2\/pages\/2569\/revisions\/3015"}],"wp:attachment":[{"href":"https:\/\/ozlemacaroglu.com\/index.php?rest_route=%2Fwp%2Fv2%2Fmedia&parent=2569"}],"curies":[{"name":"wp","href":"https:\/\/api.w.org\/{rel}","templated":true}]}}