{"id":1113,"date":"2017-11-03T23:16:56","date_gmt":"2017-11-03T21:16:56","guid":{"rendered":"http:\/\/ozlemacaroglu.com\/?page_id=1113"},"modified":"2021-11-11T00:02:21","modified_gmt":"2021-11-10T21:02:21","slug":"sergiler-kisisel","status":"publish","type":"page","link":"https:\/\/ozlemacaroglu.com\/?page_id=1113","title":{"rendered":"Sergiler &#8211; Ki\u015fisel"},"content":{"rendered":"\t\t<div data-elementor-type=\"wp-page\" data-elementor-id=\"1113\" class=\"elementor elementor-1113\">\n\t\t\t\t\t\t<section class=\"elementor-section elementor-top-section elementor-element elementor-element-kiak44x elementor-section-boxed elementor-section-height-default elementor-section-height-default\" data-id=\"kiak44x\" data-element_type=\"section\">\n\t\t\t\t\t\t<div class=\"elementor-container elementor-column-gap-default\">\n\t\t\t\t\t<div class=\"elementor-column elementor-col-100 elementor-top-column elementor-element elementor-element-561pkau\" data-id=\"561pkau\" data-element_type=\"column\">\n\t\t\t<div class=\"elementor-widget-wrap elementor-element-populated\">\n\t\t\t\t\t\t<div class=\"elementor-element elementor-element-lo6g09n gallery-spacing-custom elementor-invisible elementor-widget elementor-widget-image-gallery\" data-id=\"lo6g09n\" data-element_type=\"widget\" data-settings=\"{&quot;_animation&quot;:&quot;bounceInDown&quot;}\" data-widget_type=\"image-gallery.default\">\n\t\t\t\t<div class=\"elementor-widget-container\">\n\t\t\t\t\t<div class=\"elementor-image-gallery\">\n\t\t\t<div id='gallery-1' class='gallery galleryid-1113 gallery-columns-4 gallery-size-thumbnail'><figure class='gallery-item'>\n\t\t\t<div class='gallery-icon portrait'>\n\t\t\t\t<a data-elementor-open-lightbox=\"yes\" data-elementor-lightbox-slideshow=\"lo6g09n\" data-e-action-hash=\"#elementor-action%3Aaction%3Dlightbox%26settings%3DeyJpZCI6Mjg3MSwidXJsIjoiaHR0cHM6XC9cL296bGVtYWNhcm9nbHUuY29tXC93cC1jb250ZW50XC91cGxvYWRzXC8yMDIwXC8wMlwvXHUwMGQ2emxlbS1BY2Fyb1x1MDExZmx1X1Nlc3Npcy1aYW1hbmxhcl9HYXppYW50ZXAtS1x1MDBmY2x0XHUwMGZjci1NZXJrZXppX0FmaVx1MDE1Zi5qcGciLCJzbGlkZXNob3ciOiJsbzZnMDluIn0%3D\" href='https:\/\/ozlemacaroglu.com\/wp-content\/uploads\/2020\/02\/\u00d6zlem-Acaro\u011flu_Sessis-Zamanlar_Gaziantep-K\u00fclt\u00fcr-Merkezi_Afi\u015f.jpg'><img decoding=\"async\" width=\"150\" height=\"150\" src=\"https:\/\/ozlemacaroglu.com\/wp-content\/uploads\/2020\/02\/\u00d6zlem-Acaro\u011flu_Sessis-Zamanlar_Gaziantep-K\u00fclt\u00fcr-Merkezi_Afi\u015f-150x150.jpg\" class=\"attachment-thumbnail size-thumbnail\" alt=\"\" aria-describedby=\"gallery-1-2871\" \/><\/a>\n\t\t\t<\/div>\n\t\t\t\t<figcaption class='wp-caption-text gallery-caption' id='gallery-1-2871'>\n\t\t\t\tSergiler Ki\u015fisel &#8211; Ses&#8217;Sis Zamanlar, Gaziantep K\u00fclt\u00fcr Merkezi Afi\u015f, 2020\n\t\t\t\t<\/figcaption><\/figure><figure class='gallery-item'>\n\t\t\t<div class='gallery-icon portrait'>\n\t\t\t\t<a data-elementor-open-lightbox=\"yes\" data-elementor-lightbox-slideshow=\"lo6g09n\" data-e-action-hash=\"#elementor-action%3Aaction%3Dlightbox%26settings%3DeyJpZCI6MTE2MiwidXJsIjoiaHR0cHM6XC9cL296bGVtYWNhcm9nbHUuY29tXC93cC1jb250ZW50XC91cGxvYWRzXC8yMDE3XC8xMVwvMDFfLTIuanBnIiwic2xpZGVzaG93IjoibG82ZzA5biJ9\" data-elementor-lightbox-title=\"01_\" data-elementor-lightbox-description=\"Sergiler Ki\u015fisel - Ses&#039;Sis Zamanlar, 2016\" href='https:\/\/ozlemacaroglu.com\/wp-content\/uploads\/2017\/11\/01_-2.jpg'><img decoding=\"async\" width=\"150\" height=\"150\" src=\"https:\/\/ozlemacaroglu.com\/wp-content\/uploads\/2017\/11\/01_-2-150x150.jpg\" class=\"attachment-thumbnail size-thumbnail\" alt=\"Sergiler Ki\u015fisel - Ses&#039;Sis Zamanlar, 2016\" aria-describedby=\"gallery-1-1162\" \/><\/a>\n\t\t\t<\/div>\n\t\t\t\t<figcaption class='wp-caption-text gallery-caption' id='gallery-1-1162'>\n\t\t\t\tSergiler Ki\u015fisel &#8211; Ses&#8217;Sis Zamanlar, 2016\n\t\t\t\t<\/figcaption><\/figure><figure class='gallery-item'>\n\t\t\t<div class='gallery-icon landscape'>\n\t\t\t\t<a data-elementor-open-lightbox=\"yes\" data-elementor-lightbox-slideshow=\"lo6g09n\" data-e-action-hash=\"#elementor-action%3Aaction%3Dlightbox%26settings%3DeyJpZCI6MTE2MywidXJsIjoiaHR0cHM6XC9cL296bGVtYWNhcm9nbHUuY29tXC93cC1jb250ZW50XC91cGxvYWRzXC8yMDE3XC8xMVwvMDJfLTEuanBnIiwic2xpZGVzaG93IjoibG82ZzA5biJ9\" data-elementor-lightbox-title=\"02_\" data-elementor-lightbox-description=\"Sergiler Ki\u015fisel - Ses&#039;Sis Zamanlar, 2016\" href='https:\/\/ozlemacaroglu.com\/wp-content\/uploads\/2017\/11\/02_-1.jpg'><img decoding=\"async\" width=\"150\" height=\"150\" src=\"https:\/\/ozlemacaroglu.com\/wp-content\/uploads\/2017\/11\/02_-1-150x150.jpg\" class=\"attachment-thumbnail size-thumbnail\" alt=\"Sergiler Ki\u015fisel - Ses&#039;Sis Zamanlar, 2016\" aria-describedby=\"gallery-1-1163\" srcset=\"https:\/\/ozlemacaroglu.com\/wp-content\/uploads\/2017\/11\/02_-1-150x150.jpg 150w, https:\/\/ozlemacaroglu.com\/wp-content\/uploads\/2017\/11\/02_-1-300x300.jpg 300w, https:\/\/ozlemacaroglu.com\/wp-content\/uploads\/2017\/11\/02_-1-768x768.jpg 768w, https:\/\/ozlemacaroglu.com\/wp-content\/uploads\/2017\/11\/02_-1-1024x1024.jpg 1024w, https:\/\/ozlemacaroglu.com\/wp-content\/uploads\/2017\/11\/02_-1-830x830.jpg 830w, https:\/\/ozlemacaroglu.com\/wp-content\/uploads\/2017\/11\/02_-1-230x230.jpg 230w, https:\/\/ozlemacaroglu.com\/wp-content\/uploads\/2017\/11\/02_-1-350x350.jpg 350w, https:\/\/ozlemacaroglu.com\/wp-content\/uploads\/2017\/11\/02_-1-480x480.jpg 480w\" sizes=\"(max-width: 150px) 100vw, 150px\" \/><\/a>\n\t\t\t<\/div>\n\t\t\t\t<figcaption class='wp-caption-text gallery-caption' id='gallery-1-1163'>\n\t\t\t\tSergiler Ki\u015fisel &#8211; Ses&#8217;Sis Zamanlar, 2016\n\t\t\t\t<\/figcaption><\/figure><figure class='gallery-item'>\n\t\t\t<div class='gallery-icon portrait'>\n\t\t\t\t<a data-elementor-open-lightbox=\"yes\" data-elementor-lightbox-slideshow=\"lo6g09n\" data-e-action-hash=\"#elementor-action%3Aaction%3Dlightbox%26settings%3DeyJpZCI6MTE2NCwidXJsIjoiaHR0cHM6XC9cL296bGVtYWNhcm9nbHUuY29tXC93cC1jb250ZW50XC91cGxvYWRzXC8yMDE3XC8xMVwvMDNfLTEuanBnIiwic2xpZGVzaG93IjoibG82ZzA5biJ9\" data-elementor-lightbox-title=\"03_\" data-elementor-lightbox-description=\"Sergiler Ki\u015fisel - Ses&#039;Sis Zamanlar, 2016\" href='https:\/\/ozlemacaroglu.com\/wp-content\/uploads\/2017\/11\/03_-1.jpg'><img loading=\"lazy\" decoding=\"async\" width=\"150\" height=\"150\" src=\"https:\/\/ozlemacaroglu.com\/wp-content\/uploads\/2017\/11\/03_-1-150x150.jpg\" class=\"attachment-thumbnail size-thumbnail\" alt=\"Sergiler Ki\u015fisel - Ses&#039;Sis Zamanlar, 2016\" aria-describedby=\"gallery-1-1164\" \/><\/a>\n\t\t\t<\/div>\n\t\t\t\t<figcaption class='wp-caption-text gallery-caption' id='gallery-1-1164'>\n\t\t\t\tSergiler Ki\u015fisel &#8211; Ses&#8217;Sis Zamanlar, 2016\n\t\t\t\t<\/figcaption><\/figure><figure class='gallery-item'>\n\t\t\t<div class='gallery-icon landscape'>\n\t\t\t\t<a data-elementor-open-lightbox=\"yes\" data-elementor-lightbox-slideshow=\"lo6g09n\" data-e-action-hash=\"#elementor-action%3Aaction%3Dlightbox%26settings%3DeyJpZCI6MTE2NiwidXJsIjoiaHR0cHM6XC9cL296bGVtYWNhcm9nbHUuY29tXC93cC1jb250ZW50XC91cGxvYWRzXC8yMDE3XC8xMVwvMDVfLTEuanBnIiwic2xpZGVzaG93IjoibG82ZzA5biJ9\" data-elementor-lightbox-title=\"05_\" data-elementor-lightbox-description=\"Sergiler Ki\u015fisel - Ses&#039;Sis Zamanlar, 2016\" href='https:\/\/ozlemacaroglu.com\/wp-content\/uploads\/2017\/11\/05_-1.jpg'><img loading=\"lazy\" decoding=\"async\" width=\"150\" height=\"150\" src=\"https:\/\/ozlemacaroglu.com\/wp-content\/uploads\/2017\/11\/05_-1-150x150.jpg\" class=\"attachment-thumbnail size-thumbnail\" alt=\"Sergiler Ki\u015fisel - Ses&#039;Sis Zamanlar, 2016\" aria-describedby=\"gallery-1-1166\" srcset=\"https:\/\/ozlemacaroglu.com\/wp-content\/uploads\/2017\/11\/05_-1-150x150.jpg 150w, https:\/\/ozlemacaroglu.com\/wp-content\/uploads\/2017\/11\/05_-1-300x300.jpg 300w, https:\/\/ozlemacaroglu.com\/wp-content\/uploads\/2017\/11\/05_-1-230x230.jpg 230w, https:\/\/ozlemacaroglu.com\/wp-content\/uploads\/2017\/11\/05_-1-350x350.jpg 350w, https:\/\/ozlemacaroglu.com\/wp-content\/uploads\/2017\/11\/05_-1-480x480.jpg 480w, https:\/\/ozlemacaroglu.com\/wp-content\/uploads\/2017\/11\/05_-1.jpg 700w\" sizes=\"(max-width: 150px) 100vw, 150px\" \/><\/a>\n\t\t\t<\/div>\n\t\t\t\t<figcaption class='wp-caption-text gallery-caption' id='gallery-1-1166'>\n\t\t\t\tSergiler Ki\u015fisel &#8211; Ses&#8217;Sis Zamanlar, 2016\n\t\t\t\t<\/figcaption><\/figure><figure class='gallery-item'>\n\t\t\t<div class='gallery-icon landscape'>\n\t\t\t\t<a data-elementor-open-lightbox=\"yes\" data-elementor-lightbox-slideshow=\"lo6g09n\" data-e-action-hash=\"#elementor-action%3Aaction%3Dlightbox%26settings%3DeyJpZCI6MTE2NywidXJsIjoiaHR0cHM6XC9cL296bGVtYWNhcm9nbHUuY29tXC93cC1jb250ZW50XC91cGxvYWRzXC8yMDE3XC8xMVwvMDZfLTEuanBnIiwic2xpZGVzaG93IjoibG82ZzA5biJ9\" data-elementor-lightbox-title=\"06_\" data-elementor-lightbox-description=\"Sergiler Ki\u015fisel - Ses&#039;Sis Zamanlar, 2016\" href='https:\/\/ozlemacaroglu.com\/wp-content\/uploads\/2017\/11\/06_-1.jpg'><img loading=\"lazy\" decoding=\"async\" width=\"150\" height=\"150\" src=\"https:\/\/ozlemacaroglu.com\/wp-content\/uploads\/2017\/11\/06_-1-150x150.jpg\" class=\"attachment-thumbnail size-thumbnail\" alt=\"Sergiler Ki\u015fisel - Ses&#039;Sis Zamanlar, 2016\" aria-describedby=\"gallery-1-1167\" srcset=\"https:\/\/ozlemacaroglu.com\/wp-content\/uploads\/2017\/11\/06_-1-150x150.jpg 150w, https:\/\/ozlemacaroglu.com\/wp-content\/uploads\/2017\/11\/06_-1-300x300.jpg 300w, https:\/\/ozlemacaroglu.com\/wp-content\/uploads\/2017\/11\/06_-1-230x230.jpg 230w, https:\/\/ozlemacaroglu.com\/wp-content\/uploads\/2017\/11\/06_-1-350x350.jpg 350w, https:\/\/ozlemacaroglu.com\/wp-content\/uploads\/2017\/11\/06_-1-480x480.jpg 480w, https:\/\/ozlemacaroglu.com\/wp-content\/uploads\/2017\/11\/06_-1.jpg 700w\" sizes=\"(max-width: 150px) 100vw, 150px\" \/><\/a>\n\t\t\t<\/div>\n\t\t\t\t<figcaption class='wp-caption-text gallery-caption' id='gallery-1-1167'>\n\t\t\t\tSergiler Ki\u015fisel &#8211; Ses&#8217;Sis Zamanlar, 2016\n\t\t\t\t<\/figcaption><\/figure><figure class='gallery-item'>\n\t\t\t<div class='gallery-icon landscape'>\n\t\t\t\t<a data-elementor-open-lightbox=\"yes\" data-elementor-lightbox-slideshow=\"lo6g09n\" data-e-action-hash=\"#elementor-action%3Aaction%3Dlightbox%26settings%3DeyJpZCI6MTE2OCwidXJsIjoiaHR0cHM6XC9cL296bGVtYWNhcm9nbHUuY29tXC93cC1jb250ZW50XC91cGxvYWRzXC8yMDE3XC8xMVwvMDdfLTEuanBnIiwic2xpZGVzaG93IjoibG82ZzA5biJ9\" data-elementor-lightbox-title=\"07_\" data-elementor-lightbox-description=\"Sergiler Ki\u015fisel - Ses&#039;Sis Zamanlar, 2016\" href='https:\/\/ozlemacaroglu.com\/wp-content\/uploads\/2017\/11\/07_-1.jpg'><img loading=\"lazy\" decoding=\"async\" width=\"150\" height=\"150\" src=\"https:\/\/ozlemacaroglu.com\/wp-content\/uploads\/2017\/11\/07_-1-150x150.jpg\" class=\"attachment-thumbnail size-thumbnail\" alt=\"Sergiler Ki\u015fisel - Ses&#039;Sis Zamanlar, 2016\" aria-describedby=\"gallery-1-1168\" srcset=\"https:\/\/ozlemacaroglu.com\/wp-content\/uploads\/2017\/11\/07_-1-150x150.jpg 150w, https:\/\/ozlemacaroglu.com\/wp-content\/uploads\/2017\/11\/07_-1-300x300.jpg 300w, https:\/\/ozlemacaroglu.com\/wp-content\/uploads\/2017\/11\/07_-1-768x768.jpg 768w, https:\/\/ozlemacaroglu.com\/wp-content\/uploads\/2017\/11\/07_-1-1024x1024.jpg 1024w, https:\/\/ozlemacaroglu.com\/wp-content\/uploads\/2017\/11\/07_-1-830x830.jpg 830w, https:\/\/ozlemacaroglu.com\/wp-content\/uploads\/2017\/11\/07_-1-230x230.jpg 230w, https:\/\/ozlemacaroglu.com\/wp-content\/uploads\/2017\/11\/07_-1-350x350.jpg 350w, https:\/\/ozlemacaroglu.com\/wp-content\/uploads\/2017\/11\/07_-1-480x480.jpg 480w, https:\/\/ozlemacaroglu.com\/wp-content\/uploads\/2017\/11\/07_-1.jpg 2000w\" sizes=\"(max-width: 150px) 100vw, 150px\" \/><\/a>\n\t\t\t<\/div>\n\t\t\t\t<figcaption class='wp-caption-text gallery-caption' id='gallery-1-1168'>\n\t\t\t\tSergiler Ki\u015fisel &#8211; Ses&#8217;Sis Zamanlar, 2016\n\t\t\t\t<\/figcaption><\/figure><figure class='gallery-item'>\n\t\t\t<div class='gallery-icon portrait'>\n\t\t\t\t<a data-elementor-open-lightbox=\"yes\" data-elementor-lightbox-slideshow=\"lo6g09n\" data-e-action-hash=\"#elementor-action%3Aaction%3Dlightbox%26settings%3DeyJpZCI6MTE2OSwidXJsIjoiaHR0cHM6XC9cL296bGVtYWNhcm9nbHUuY29tXC93cC1jb250ZW50XC91cGxvYWRzXC8yMDE3XC8xMVwvMDhfLTEuanBnIiwic2xpZGVzaG93IjoibG82ZzA5biJ9\" data-elementor-lightbox-title=\"poster\" data-elementor-lightbox-description=\"Sergiler Ki\u015fisel - Ses&#039;Sis Zamanlar, 2016\" href='https:\/\/ozlemacaroglu.com\/wp-content\/uploads\/2017\/11\/08_-1.jpg'><img loading=\"lazy\" decoding=\"async\" width=\"150\" height=\"150\" src=\"https:\/\/ozlemacaroglu.com\/wp-content\/uploads\/2017\/11\/08_-1-150x150.jpg\" class=\"attachment-thumbnail size-thumbnail\" alt=\"Sergiler Ki\u015fisel - Ses&#039;Sis Zamanlar, 2016\" aria-describedby=\"gallery-1-1169\" \/><\/a>\n\t\t\t<\/div>\n\t\t\t\t<figcaption class='wp-caption-text gallery-caption' id='gallery-1-1169'>\n\t\t\t\tSergiler Ki\u015fisel &#8211; Ses&#8217;Sis Zamanlar, 2016\n\t\t\t\t<\/figcaption><\/figure><figure class='gallery-item'>\n\t\t\t<div class='gallery-icon portrait'>\n\t\t\t\t<a data-elementor-open-lightbox=\"yes\" data-elementor-lightbox-slideshow=\"lo6g09n\" data-e-action-hash=\"#elementor-action%3Aaction%3Dlightbox%26settings%3DeyJpZCI6MTE3MCwidXJsIjoiaHR0cHM6XC9cL296bGVtYWNhcm9nbHUuY29tXC93cC1jb250ZW50XC91cGxvYWRzXC8yMDE3XC8xMVwvMDlfLmpwZyIsInNsaWRlc2hvdyI6ImxvNmcwOW4ifQ%3D%3D\" data-elementor-lightbox-title=\"09_\" data-elementor-lightbox-description=\"Sergiler Ki\u015fisel - Bozcaada&#039;da Zaman, 2014\" href='https:\/\/ozlemacaroglu.com\/wp-content\/uploads\/2017\/11\/09_.jpg'><img loading=\"lazy\" decoding=\"async\" width=\"150\" height=\"150\" src=\"https:\/\/ozlemacaroglu.com\/wp-content\/uploads\/2017\/11\/09_-150x150.jpg\" class=\"attachment-thumbnail size-thumbnail\" alt=\"Sergiler Ki\u015fisel - Bozcaada&#039;da Zaman, 2014\" aria-describedby=\"gallery-1-1170\" \/><\/a>\n\t\t\t<\/div>\n\t\t\t\t<figcaption class='wp-caption-text gallery-caption' id='gallery-1-1170'>\n\t\t\t\tSergiler Ki\u015fisel &#8211; Bozcaada&#8217;da Zaman, 2014\n\t\t\t\t<\/figcaption><\/figure>\n\t\t<\/div>\n\t\t<\/div>\n\t\t\t\t<\/div>\n\t\t\t\t<\/div>\n\t\t\t\t\t<\/div>\n\t\t<\/div>\n\t\t\t\t\t<\/div>\n\t\t<\/section>\n\t\t\t\t<section class=\"elementor-section elementor-top-section elementor-element elementor-element-fgcsbcc elementor-section-boxed elementor-section-height-default elementor-section-height-default elementor-invisible\" data-id=\"fgcsbcc\" data-element_type=\"section\" data-settings=\"{&quot;animation&quot;:&quot;rotateIn&quot;}\">\n\t\t\t\t\t\t<div class=\"elementor-container elementor-column-gap-default\">\n\t\t\t\t\t<div class=\"elementor-column elementor-col-100 elementor-top-column elementor-element elementor-element-iypvwzf\" data-id=\"iypvwzf\" data-element_type=\"column\">\n\t\t\t<div class=\"elementor-widget-wrap elementor-element-populated\">\n\t\t\t\t\t\t<div class=\"elementor-element elementor-element-uiwvloy elementor-align-center elementor-widget elementor-widget-button\" data-id=\"uiwvloy\" data-element_type=\"widget\" data-widget_type=\"button.default\">\n\t\t\t\t<div class=\"elementor-widget-container\">\n\t\t\t\t\t<div class=\"elementor-button-wrapper\">\n\t\t\t<a class=\"elementor-button elementor-button-link elementor-size-sm\" href=\"http:\/\/ozlemacaroglu.com\/?page_id=1079\">\n\t\t\t\t\t\t<span class=\"elementor-button-content-wrapper\">\n\t\t\t\t\t\t<span class=\"elementor-button-icon elementor-align-icon-left\">\n\t\t\t\t<i aria-hidden=\"true\" class=\"fas fa-arrow-circle-left\"><\/i>\t\t\t<\/span>\n\t\t\t\t\t\t\t\t\t<span class=\"elementor-button-text\">\"Sergiler, Bas\u0131n, Fuarlar, G\u00f6steriler...\" sayfas\u0131na geri d\u00f6n...<\/span>\n\t\t\t\t\t<\/span>\n\t\t\t\t\t<\/a>\n\t\t<\/div>\n\t\t\t\t<\/div>\n\t\t\t\t<\/div>\n\t\t\t\t\t<\/div>\n\t\t<\/div>\n\t\t\t\t\t<\/div>\n\t\t<\/section>\n\t\t\t\t<\/div>\n\t\t ","protected":false},"excerpt":{"rendered":"<p>Sergiler Ki\u015fisel &#8211; Ses&#8217;Sis Zamanlar, Gaziantep K\u00fclt\u00fcr Merkezi Afi\u015f, 2020 Sergiler Ki\u015fisel &#8211; Ses&#8217;Sis Zamanlar, 2016 Sergiler Ki\u015fisel &#8211; Ses&#8217;Sis Zamanlar, 2016 [&hellip;]<\/p>\n","protected":false},"author":1,"featured_media":0,"parent":0,"menu_order":0,"comment_status":"open","ping_status":"closed","template":"page-templates\/page_fullwidth.php","meta":{"footnotes":""},"_links":{"self":[{"href":"https:\/\/ozlemacaroglu.com\/index.php?rest_route=\/wp\/v2\/pages\/1113"}],"collection":[{"href":"https:\/\/ozlemacaroglu.com\/index.php?rest_route=\/wp\/v2\/pages"}],"about":[{"href":"https:\/\/ozlemacaroglu.com\/index.php?rest_route=\/wp\/v2\/types\/page"}],"author":[{"embeddable":true,"href":"https:\/\/ozlemacaroglu.com\/index.php?rest_route=\/wp\/v2\/users\/1"}],"replies":[{"embeddable":true,"href":"https:\/\/ozlemacaroglu.com\/index.php?rest_route=%2Fwp%2Fv2%2Fcomments&post=1113"}],"version-history":[{"count":24,"href":"https:\/\/ozlemacaroglu.com\/index.php?rest_route=\/wp\/v2\/pages\/1113\/revisions"}],"predecessor-version":[{"id":3059,"href":"https:\/\/ozlemacaroglu.com\/index.php?rest_route=\/wp\/v2\/pages\/1113\/revisions\/3059"}],"wp:attachment":[{"href":"https:\/\/ozlemacaroglu.com\/index.php?rest_route=%2Fwp%2Fv2%2Fmedia&parent=1113"}],"curies":[{"name":"wp","href":"https:\/\/api.w.org\/{rel}","templated":true}]}}