{"id":1098,"date":"2017-11-03T22:58:58","date_gmt":"2017-11-03T20:58:58","guid":{"rendered":"http:\/\/ozlemacaroglu.com\/?page_id=1098"},"modified":"2021-04-01T16:23:28","modified_gmt":"2021-04-01T13:23:28","slug":"fuarlar","status":"publish","type":"page","link":"https:\/\/ozlemacaroglu.com\/?page_id=1098","title":{"rendered":"Fuarlar"},"content":{"rendered":"\t\t<div data-elementor-type=\"wp-page\" data-elementor-id=\"1098\" class=\"elementor elementor-1098\">\n\t\t\t\t\t\t<section class=\"elementor-section elementor-top-section elementor-element elementor-element-nf2eurj elementor-section-boxed elementor-section-height-default elementor-section-height-default\" data-id=\"nf2eurj\" data-element_type=\"section\">\n\t\t\t\t\t\t<div class=\"elementor-container elementor-column-gap-default\">\n\t\t\t\t\t<div class=\"elementor-column elementor-col-100 elementor-top-column elementor-element elementor-element-ptfqax6\" data-id=\"ptfqax6\" data-element_type=\"column\">\n\t\t\t<div class=\"elementor-widget-wrap elementor-element-populated\">\n\t\t\t\t\t\t<div class=\"elementor-element elementor-element-lmwcubv gallery-spacing-custom elementor-invisible elementor-widget elementor-widget-image-gallery\" data-id=\"lmwcubv\" data-element_type=\"widget\" data-settings=\"{&quot;_animation&quot;:&quot;rotateIn&quot;}\" data-widget_type=\"image-gallery.default\">\n\t\t\t\t<div class=\"elementor-widget-container\">\n\t\t\t\t\t<div class=\"elementor-image-gallery\">\n\t\t\t<div id='gallery-1' class='gallery galleryid-1098 gallery-columns-4 gallery-size-thumbnail'><figure class='gallery-item'>\n\t\t\t<div class='gallery-icon landscape'>\n\t\t\t\t<a data-elementor-open-lightbox=\"yes\" data-elementor-lightbox-slideshow=\"lmwcubv\" data-elementor-lightbox-title=\"FC Fiera Contemporanea Cesena\" data-elementor-lightbox-description=\"FC Fiera Contemporanea Cesena\" data-e-action-hash=\"#elementor-action%3Aaction%3Dlightbox%26settings%3DeyJpZCI6MjY5NywidXJsIjoiaHR0cHM6XC9cL296bGVtYWNhcm9nbHUuY29tXC93cC1jb250ZW50XC91cGxvYWRzXC8yMDE4XC8xMVwvRkNfRmllcmFfQ29udGVtcG9yYW5lYV9DZXNlbmEuanBnIiwic2xpZGVzaG93IjoibG13Y3VidiJ9\" href='https:\/\/ozlemacaroglu.com\/wp-content\/uploads\/2018\/11\/FC_Fiera_Contemporanea_Cesena.jpg'><img decoding=\"async\" width=\"150\" height=\"150\" src=\"https:\/\/ozlemacaroglu.com\/wp-content\/uploads\/2018\/11\/FC_Fiera_Contemporanea_Cesena-150x150.jpg\" class=\"attachment-thumbnail size-thumbnail\" alt=\"FC Fiera Contemporanea Cesena\" aria-describedby=\"gallery-1-2697\" \/><\/a>\n\t\t\t<\/div>\n\t\t\t\t<figcaption class='wp-caption-text gallery-caption' id='gallery-1-2697'>\n\t\t\t\tFC Fiera Contemporanea Cesena\n\t\t\t\t<\/figcaption><\/figure><figure class='gallery-item'>\n\t\t\t<div class='gallery-icon landscape'>\n\t\t\t\t<a data-elementor-open-lightbox=\"yes\" data-elementor-lightbox-slideshow=\"lmwcubv\" data-elementor-lightbox-title=\"Euro Expo Art Fair, 16-17-18 Mart, 2018, \u00d6zlem Acaro\u011flu\" data-elementor-lightbox-description=\"Euro Expo Art Fair, 16-17-18 Mart, 2018, \u00d6zlem Acaro\u011flu\" data-e-action-hash=\"#elementor-action%3Aaction%3Dlightbox%26settings%3DeyJpZCI6MjUwNSwidXJsIjoiaHR0cHM6XC9cL296bGVtYWNhcm9nbHUuY29tXC93cC1jb250ZW50XC91cGxvYWRzXC8yMDE4XC8wMlwvRXVyb19FeHBvX0FydF9GYWlyMTYtMTctMThfTWFydDIwMThPemxlbV9BY2Fyb2dsdS5qcGciLCJzbGlkZXNob3ciOiJsbXdjdWJ2In0%3D\" href='https:\/\/ozlemacaroglu.com\/wp-content\/uploads\/2018\/02\/Euro_Expo_Art_Fair16-17-18_Mart2018Ozlem_Acaroglu.jpg'><img decoding=\"async\" width=\"150\" height=\"150\" src=\"https:\/\/ozlemacaroglu.com\/wp-content\/uploads\/2018\/02\/Euro_Expo_Art_Fair16-17-18_Mart2018Ozlem_Acaroglu-150x150.jpg\" class=\"attachment-thumbnail size-thumbnail\" alt=\"Euro Expo Art Fair, 16-17-18 Mart, 2018, \u00d6zlem Acaro\u011flu\" aria-describedby=\"gallery-1-2505\" \/><\/a>\n\t\t\t<\/div>\n\t\t\t\t<figcaption class='wp-caption-text gallery-caption' id='gallery-1-2505'>\n\t\t\t\tEuro Expo Art Fair, 16-17-18 Mart, 2018, \u00d6zlem Acaro\u011flu\n\t\t\t\t<\/figcaption><\/figure><figure class='gallery-item'>\n\t\t\t<div class='gallery-icon landscape'>\n\t\t\t\t<a data-elementor-open-lightbox=\"yes\" data-elementor-lightbox-slideshow=\"lmwcubv\" data-elementor-lightbox-title=\"Aydinlik_Gazetesi\" data-elementor-lightbox-description=\"Euro Expo Art Fair, 16-17-18 Mart, 2018, \u00d6zlem Acaro\u011flu\" data-e-action-hash=\"#elementor-action%3Aaction%3Dlightbox%26settings%3DeyJpZCI6MTM4NSwidXJsIjoiaHR0cHM6XC9cL296bGVtYWNhcm9nbHUuY29tXC93cC1jb250ZW50XC91cGxvYWRzXC8yMDE3XC8xMVwvQXlkaW5saWtfR2F6ZXRlc2kuanBnIiwic2xpZGVzaG93IjoibG13Y3VidiJ9\" href='https:\/\/ozlemacaroglu.com\/wp-content\/uploads\/2017\/11\/Aydinlik_Gazetesi.jpg'><img decoding=\"async\" width=\"150\" height=\"150\" src=\"https:\/\/ozlemacaroglu.com\/wp-content\/uploads\/2017\/11\/Aydinlik_Gazetesi-150x150.jpg\" class=\"attachment-thumbnail size-thumbnail\" alt=\"\" aria-describedby=\"gallery-1-1385\" \/><\/a>\n\t\t\t<\/div>\n\t\t\t\t<figcaption class='wp-caption-text gallery-caption' id='gallery-1-1385'>\n\t\t\t\tAyd\u0131nl\u0131k Gazetesi &#8211; Paris Fuar\u0131\n\t\t\t\t<\/figcaption><\/figure><figure class='gallery-item'>\n\t\t\t<div class='gallery-icon portrait'>\n\t\t\t\t<a data-elementor-open-lightbox=\"yes\" data-elementor-lightbox-slideshow=\"lmwcubv\" data-elementor-lightbox-title=\"Konhaber\" data-elementor-lightbox-description=\"Euro Expo Art Fair, 16-17-18 Mart, 2018, \u00d6zlem Acaro\u011flu\" data-e-action-hash=\"#elementor-action%3Aaction%3Dlightbox%26settings%3DeyJpZCI6MTM4NiwidXJsIjoiaHR0cHM6XC9cL296bGVtYWNhcm9nbHUuY29tXC93cC1jb250ZW50XC91cGxvYWRzXC8yMDE3XC8xMVwvS29uaGFiZXIuanBnIiwic2xpZGVzaG93IjoibG13Y3VidiJ9\" href='https:\/\/ozlemacaroglu.com\/wp-content\/uploads\/2017\/11\/Konhaber.jpg'><img loading=\"lazy\" decoding=\"async\" width=\"150\" height=\"150\" src=\"https:\/\/ozlemacaroglu.com\/wp-content\/uploads\/2017\/11\/Konhaber-150x150.jpg\" class=\"attachment-thumbnail size-thumbnail\" alt=\"\" aria-describedby=\"gallery-1-1386\" \/><\/a>\n\t\t\t<\/div>\n\t\t\t\t<figcaption class='wp-caption-text gallery-caption' id='gallery-1-1386'>\n\t\t\t\tKonhaber &#8211; Paris Fuar\u0131\n\t\t\t\t<\/figcaption><\/figure><figure class='gallery-item'>\n\t\t\t<div class='gallery-icon landscape'>\n\t\t\t\t<a data-elementor-open-lightbox=\"yes\" data-elementor-lightbox-slideshow=\"lmwcubv\" data-elementor-lightbox-title=\"Turkiye\" data-elementor-lightbox-description=\"Euro Expo Art Fair, 16-17-18 Mart, 2018, \u00d6zlem Acaro\u011flu\" data-e-action-hash=\"#elementor-action%3Aaction%3Dlightbox%26settings%3DeyJpZCI6MTM4NywidXJsIjoiaHR0cHM6XC9cL296bGVtYWNhcm9nbHUuY29tXC93cC1jb250ZW50XC91cGxvYWRzXC8yMDE3XC8xMVwvVHVya2l5ZS5qcGciLCJzbGlkZXNob3ciOiJsbXdjdWJ2In0%3D\" href='https:\/\/ozlemacaroglu.com\/wp-content\/uploads\/2017\/11\/Turkiye.jpg'><img loading=\"lazy\" decoding=\"async\" width=\"150\" height=\"150\" src=\"https:\/\/ozlemacaroglu.com\/wp-content\/uploads\/2017\/11\/Turkiye-150x150.jpg\" class=\"attachment-thumbnail size-thumbnail\" alt=\"\" aria-describedby=\"gallery-1-1387\" \/><\/a>\n\t\t\t<\/div>\n\t\t\t\t<figcaption class='wp-caption-text gallery-caption' id='gallery-1-1387'>\n\t\t\t\tT\u00fcrkiye &#8211; Paris Fuar\u0131\n\t\t\t\t<\/figcaption><\/figure><figure class='gallery-item'>\n\t\t\t<div class='gallery-icon portrait'>\n\t\t\t\t<a data-elementor-open-lightbox=\"yes\" data-elementor-lightbox-slideshow=\"lmwcubv\" data-elementor-lightbox-title=\"FotoFever Paris, Art Fair\" data-elementor-lightbox-description=\"Euro Expo Art Fair, 16-17-18 Mart, 2018, \u00d6zlem Acaro\u011flu\" data-e-action-hash=\"#elementor-action%3Aaction%3Dlightbox%26settings%3DeyJpZCI6MTM1NiwidXJsIjoiaHR0cHM6XC9cL296bGVtYWNhcm9nbHUuY29tXC93cC1jb250ZW50XC91cGxvYWRzXC8yMDE3XC8xMVwvRm90b0ZldmVyLVBhcmlzLUFydC1GYWlyLmpwZyIsInNsaWRlc2hvdyI6Imxtd2N1YnYifQ%3D%3D\" href='https:\/\/ozlemacaroglu.com\/wp-content\/uploads\/2017\/11\/FotoFever-Paris-Art-Fair.jpg'><img loading=\"lazy\" decoding=\"async\" width=\"150\" height=\"150\" src=\"https:\/\/ozlemacaroglu.com\/wp-content\/uploads\/2017\/11\/FotoFever-Paris-Art-Fair-150x150.jpg\" class=\"attachment-thumbnail size-thumbnail\" alt=\"\" aria-describedby=\"gallery-1-1356\" \/><\/a>\n\t\t\t<\/div>\n\t\t\t\t<figcaption class='wp-caption-text gallery-caption' id='gallery-1-1356'>\n\t\t\t\tFotoFever Paris, Art Fair\n\t\t\t\t<\/figcaption><\/figure><figure class='gallery-item'>\n\t\t\t<div class='gallery-icon portrait'>\n\t\t\t\t<a data-elementor-open-lightbox=\"yes\" data-elementor-lightbox-slideshow=\"lmwcubv\" data-elementor-lightbox-title=\"FotoFever Paris, Art Fair, H\u00fcrriyet\" data-elementor-lightbox-description=\"Euro Expo Art Fair, 16-17-18 Mart, 2018, \u00d6zlem Acaro\u011flu\" data-e-action-hash=\"#elementor-action%3Aaction%3Dlightbox%26settings%3DeyJpZCI6MTM1NywidXJsIjoiaHR0cHM6XC9cL296bGVtYWNhcm9nbHUuY29tXC93cC1jb250ZW50XC91cGxvYWRzXC8yMDE3XC8xMVwvRm90b0ZldmVyLVBhcmlzLUFydC1GYWlyX0h1cnJpeWV0LmpwZyIsInNsaWRlc2hvdyI6Imxtd2N1YnYifQ%3D%3D\" href='https:\/\/ozlemacaroglu.com\/wp-content\/uploads\/2017\/11\/FotoFever-Paris-Art-Fair_Hurriyet.jpg'><img loading=\"lazy\" decoding=\"async\" width=\"150\" height=\"150\" src=\"https:\/\/ozlemacaroglu.com\/wp-content\/uploads\/2017\/11\/FotoFever-Paris-Art-Fair_Hurriyet-150x150.jpg\" class=\"attachment-thumbnail size-thumbnail\" alt=\"\" aria-describedby=\"gallery-1-1357\" \/><\/a>\n\t\t\t<\/div>\n\t\t\t\t<figcaption class='wp-caption-text gallery-caption' id='gallery-1-1357'>\n\t\t\t\tFotoFever Paris, Art Fair, H\u00fcrriyet\n\t\t\t\t<\/figcaption><\/figure><figure class='gallery-item'>\n\t\t\t<div class='gallery-icon landscape'>\n\t\t\t\t<a data-elementor-open-lightbox=\"yes\" data-elementor-lightbox-slideshow=\"lmwcubv\" data-elementor-lightbox-title=\"FotoFever Paris, AA\" data-elementor-lightbox-description=\"Euro Expo Art Fair, 16-17-18 Mart, 2018, \u00d6zlem Acaro\u011flu\" data-e-action-hash=\"#elementor-action%3Aaction%3Dlightbox%26settings%3DeyJpZCI6MTM1OCwidXJsIjoiaHR0cHM6XC9cL296bGVtYWNhcm9nbHUuY29tXC93cC1jb250ZW50XC91cGxvYWRzXC8yMDE3XC8xMVwvRm90b0ZldmVyLVBhcmlzX0FBLmpwZyIsInNsaWRlc2hvdyI6Imxtd2N1YnYifQ%3D%3D\" href='https:\/\/ozlemacaroglu.com\/wp-content\/uploads\/2017\/11\/FotoFever-Paris_AA.jpg'><img loading=\"lazy\" decoding=\"async\" width=\"150\" height=\"150\" src=\"https:\/\/ozlemacaroglu.com\/wp-content\/uploads\/2017\/11\/FotoFever-Paris_AA-150x150.jpg\" class=\"attachment-thumbnail size-thumbnail\" alt=\"\" aria-describedby=\"gallery-1-1358\" \/><\/a>\n\t\t\t<\/div>\n\t\t\t\t<figcaption class='wp-caption-text gallery-caption' id='gallery-1-1358'>\n\t\t\t\tFotoFever Paris, AA\n\t\t\t\t<\/figcaption><\/figure><figure class='gallery-item'>\n\t\t\t<div class='gallery-icon portrait'>\n\t\t\t\t<a data-elementor-open-lightbox=\"yes\" data-elementor-lightbox-slideshow=\"lmwcubv\" data-elementor-lightbox-title=\"01_\" data-elementor-lightbox-description=\"La belle d&#039;istanbul, Foto Fever, 2017\" data-e-action-hash=\"#elementor-action%3Aaction%3Dlightbox%26settings%3DeyJpZCI6MTE4NiwidXJsIjoiaHR0cHM6XC9cL296bGVtYWNhcm9nbHUuY29tXC93cC1jb250ZW50XC91cGxvYWRzXC8yMDE3XC8xMVwvMDFfLS5qcGciLCJzbGlkZXNob3ciOiJsbXdjdWJ2In0%3D\" href='https:\/\/ozlemacaroglu.com\/wp-content\/uploads\/2017\/11\/01_-.jpg'><img loading=\"lazy\" decoding=\"async\" width=\"150\" height=\"150\" src=\"https:\/\/ozlemacaroglu.com\/wp-content\/uploads\/2017\/11\/01_--150x150.jpg\" class=\"attachment-thumbnail size-thumbnail\" alt=\"La belle d&#039;istanbul, Foto Fever, 2017\" aria-describedby=\"gallery-1-1186\" \/><\/a>\n\t\t\t<\/div>\n\t\t\t\t<figcaption class='wp-caption-text gallery-caption' id='gallery-1-1186'>\n\t\t\t\tLa belle d&#8217;istanbul, Foto Fever, 2017\n\t\t\t\t<\/figcaption><\/figure><figure class='gallery-item'>\n\t\t\t<div class='gallery-icon portrait'>\n\t\t\t\t<a data-elementor-open-lightbox=\"yes\" data-elementor-lightbox-slideshow=\"lmwcubv\" data-elementor-lightbox-title=\"02_\" data-elementor-lightbox-description=\"Foto Fever\" data-e-action-hash=\"#elementor-action%3Aaction%3Dlightbox%26settings%3DeyJpZCI6MTE4NywidXJsIjoiaHR0cHM6XC9cL296bGVtYWNhcm9nbHUuY29tXC93cC1jb250ZW50XC91cGxvYWRzXC8yMDE3XC8xMVwvMDJfLS5qcGciLCJzbGlkZXNob3ciOiJsbXdjdWJ2In0%3D\" href='https:\/\/ozlemacaroglu.com\/wp-content\/uploads\/2017\/11\/02_-.jpg'><img loading=\"lazy\" decoding=\"async\" width=\"150\" height=\"150\" src=\"https:\/\/ozlemacaroglu.com\/wp-content\/uploads\/2017\/11\/02_--150x150.jpg\" class=\"attachment-thumbnail size-thumbnail\" alt=\"Foto Fever\" aria-describedby=\"gallery-1-1187\" \/><\/a>\n\t\t\t<\/div>\n\t\t\t\t<figcaption class='wp-caption-text gallery-caption' id='gallery-1-1187'>\n\t\t\t\tFoto Fever\n\t\t\t\t<\/figcaption><\/figure><figure class='gallery-item'>\n\t\t\t<div class='gallery-icon landscape'>\n\t\t\t\t<a data-elementor-open-lightbox=\"yes\" data-elementor-lightbox-slideshow=\"lmwcubv\" data-elementor-lightbox-title=\"03_\" data-elementor-lightbox-description=\"Istanbul is Contemporary, 2016\" data-e-action-hash=\"#elementor-action%3Aaction%3Dlightbox%26settings%3DeyJpZCI6MTE4OCwidXJsIjoiaHR0cHM6XC9cL296bGVtYWNhcm9nbHUuY29tXC93cC1jb250ZW50XC91cGxvYWRzXC8yMDE3XC8xMVwvMDNfLmpwZyIsInNsaWRlc2hvdyI6Imxtd2N1YnYifQ%3D%3D\" href='https:\/\/ozlemacaroglu.com\/wp-content\/uploads\/2017\/11\/03_.jpg'><img loading=\"lazy\" decoding=\"async\" width=\"150\" height=\"150\" src=\"https:\/\/ozlemacaroglu.com\/wp-content\/uploads\/2017\/11\/03_-150x150.jpg\" class=\"attachment-thumbnail size-thumbnail\" alt=\"Istanbul is Contemporary, 2016\" aria-describedby=\"gallery-1-1188\" \/><\/a>\n\t\t\t<\/div>\n\t\t\t\t<figcaption class='wp-caption-text gallery-caption' id='gallery-1-1188'>\n\t\t\t\tIstanbul is Contemporary, 2016\n\t\t\t\t<\/figcaption><\/figure><figure class='gallery-item'>\n\t\t\t<div class='gallery-icon portrait'>\n\t\t\t\t<a data-elementor-open-lightbox=\"yes\" data-elementor-lightbox-slideshow=\"lmwcubv\" data-elementor-lightbox-title=\"04_\" data-elementor-lightbox-description=\"Istanbul is Contemporary, 2016\" data-e-action-hash=\"#elementor-action%3Aaction%3Dlightbox%26settings%3DeyJpZCI6MTE4OSwidXJsIjoiaHR0cHM6XC9cL296bGVtYWNhcm9nbHUuY29tXC93cC1jb250ZW50XC91cGxvYWRzXC8yMDE3XC8xMVwvMDRfLTEuanBnIiwic2xpZGVzaG93IjoibG13Y3VidiJ9\" href='https:\/\/ozlemacaroglu.com\/wp-content\/uploads\/2017\/11\/04_-1.jpg'><img loading=\"lazy\" decoding=\"async\" width=\"150\" height=\"150\" src=\"https:\/\/ozlemacaroglu.com\/wp-content\/uploads\/2017\/11\/04_-1-150x150.jpg\" class=\"attachment-thumbnail size-thumbnail\" alt=\"Istanbul is Contemporary, 2016\" aria-describedby=\"gallery-1-1189\" \/><\/a>\n\t\t\t<\/div>\n\t\t\t\t<figcaption class='wp-caption-text gallery-caption' id='gallery-1-1189'>\n\t\t\t\tIstanbul is Contemporary, 2016\n\t\t\t\t<\/figcaption><\/figure><figure class='gallery-item'>\n\t\t\t<div class='gallery-icon portrait'>\n\t\t\t\t<a data-elementor-open-lightbox=\"yes\" data-elementor-lightbox-slideshow=\"lmwcubv\" data-elementor-lightbox-title=\"05_\" data-elementor-lightbox-description=\"Istanbul is Contemporary, 2016\" data-e-action-hash=\"#elementor-action%3Aaction%3Dlightbox%26settings%3DeyJpZCI6MTE5MCwidXJsIjoiaHR0cHM6XC9cL296bGVtYWNhcm9nbHUuY29tXC93cC1jb250ZW50XC91cGxvYWRzXC8yMDE3XC8xMVwvMDVfLTIuanBnIiwic2xpZGVzaG93IjoibG13Y3VidiJ9\" href='https:\/\/ozlemacaroglu.com\/wp-content\/uploads\/2017\/11\/05_-2.jpg'><img loading=\"lazy\" decoding=\"async\" width=\"150\" height=\"150\" src=\"https:\/\/ozlemacaroglu.com\/wp-content\/uploads\/2017\/11\/05_-2-150x150.jpg\" class=\"attachment-thumbnail size-thumbnail\" alt=\"Istanbul is Contemporary, 2016\" aria-describedby=\"gallery-1-1190\" \/><\/a>\n\t\t\t<\/div>\n\t\t\t\t<figcaption class='wp-caption-text gallery-caption' id='gallery-1-1190'>\n\t\t\t\tIstanbul is Contemporary, 2016\n\t\t\t\t<\/figcaption><\/figure>\n\t\t<\/div>\n\t\t<\/div>\n\t\t\t\t<\/div>\n\t\t\t\t<\/div>\n\t\t\t\t\t<\/div>\n\t\t<\/div>\n\t\t\t\t\t<\/div>\n\t\t<\/section>\n\t\t\t\t<section class=\"elementor-section elementor-top-section elementor-element elementor-element-zqntigl elementor-section-boxed elementor-section-height-default elementor-section-height-default\" data-id=\"zqntigl\" data-element_type=\"section\">\n\t\t\t\t\t\t<div class=\"elementor-container elementor-column-gap-default\">\n\t\t\t\t\t<div class=\"elementor-column elementor-col-100 elementor-top-column elementor-element elementor-element-ljwvsmi\" data-id=\"ljwvsmi\" data-element_type=\"column\">\n\t\t\t<div class=\"elementor-widget-wrap elementor-element-populated\">\n\t\t\t\t\t\t<div class=\"elementor-element elementor-element-hbqdlol elementor-align-center elementor-invisible elementor-widget elementor-widget-button\" data-id=\"hbqdlol\" data-element_type=\"widget\" data-settings=\"{&quot;_animation&quot;:&quot;rotateIn&quot;}\" data-widget_type=\"button.default\">\n\t\t\t\t<div class=\"elementor-widget-container\">\n\t\t\t\t\t<div class=\"elementor-button-wrapper\">\n\t\t\t<a class=\"elementor-button elementor-button-link elementor-size-sm\" href=\"http:\/\/ozlemacaroglu.com\/?page_id=1079\">\n\t\t\t\t\t\t<span class=\"elementor-button-content-wrapper\">\n\t\t\t\t\t\t<span class=\"elementor-button-icon elementor-align-icon-left\">\n\t\t\t\t<i aria-hidden=\"true\" class=\"fas fa-arrow-circle-left\"><\/i>\t\t\t<\/span>\n\t\t\t\t\t\t\t\t\t<span class=\"elementor-button-text\">\"Sergiler, Bas\u0131n, Fuarlar, G\u00f6steriler...\" sayfas\u0131na geri d\u00f6n...<\/span>\n\t\t\t\t\t<\/span>\n\t\t\t\t\t<\/a>\n\t\t<\/div>\n\t\t\t\t<\/div>\n\t\t\t\t<\/div>\n\t\t\t\t\t<\/div>\n\t\t<\/div>\n\t\t\t\t\t<\/div>\n\t\t<\/section>\n\t\t\t\t<\/div>\n\t\t ","protected":false},"excerpt":{"rendered":"<p>FC Fiera Contemporanea Cesena Euro Expo Art Fair, 16-17-18 Mart, 2018, \u00d6zlem Acaro\u011flu Ayd\u0131nl\u0131k Gazetesi &#8211; Paris Fuar\u0131 Konhaber &#8211; Paris Fuar\u0131 [&hellip;]<\/p>\n","protected":false},"author":1,"featured_media":0,"parent":0,"menu_order":0,"comment_status":"open","ping_status":"closed","template":"page-templates\/page_fullwidth.php","meta":{"footnotes":""},"_links":{"self":[{"href":"https:\/\/ozlemacaroglu.com\/index.php?rest_route=\/wp\/v2\/pages\/1098"}],"collection":[{"href":"https:\/\/ozlemacaroglu.com\/index.php?rest_route=\/wp\/v2\/pages"}],"about":[{"href":"https:\/\/ozlemacaroglu.com\/index.php?rest_route=\/wp\/v2\/types\/page"}],"author":[{"embeddable":true,"href":"https:\/\/ozlemacaroglu.com\/index.php?rest_route=\/wp\/v2\/users\/1"}],"replies":[{"embeddable":true,"href":"https:\/\/ozlemacaroglu.com\/index.php?rest_route=%2Fwp%2Fv2%2Fcomments&post=1098"}],"version-history":[{"count":19,"href":"https:\/\/ozlemacaroglu.com\/index.php?rest_route=\/wp\/v2\/pages\/1098\/revisions"}],"predecessor-version":[{"id":2938,"href":"https:\/\/ozlemacaroglu.com\/index.php?rest_route=\/wp\/v2\/pages\/1098\/revisions\/2938"}],"wp:attachment":[{"href":"https:\/\/ozlemacaroglu.com\/index.php?rest_route=%2Fwp%2Fv2%2Fmedia&parent=1098"}],"curies":[{"name":"wp","href":"https:\/\/api.w.org\/{rel}","templated":true}]}}