{"id":1096,"date":"2017-11-03T22:58:40","date_gmt":"2017-11-03T20:58:40","guid":{"rendered":"http:\/\/ozlemacaroglu.com\/?page_id=1096"},"modified":"2021-04-04T10:15:54","modified_gmt":"2021-04-04T07:15:54","slug":"basin","status":"publish","type":"page","link":"https:\/\/ozlemacaroglu.com\/?page_id=1096","title":{"rendered":"Bas\u0131n"},"content":{"rendered":"\t\t<div data-elementor-type=\"wp-page\" data-elementor-id=\"1096\" class=\"elementor elementor-1096\">\n\t\t\t\t\t\t<section class=\"elementor-section elementor-top-section elementor-element elementor-element-9scq6uk elementor-section-boxed elementor-section-height-default elementor-section-height-default\" data-id=\"9scq6uk\" data-element_type=\"section\">\n\t\t\t\t\t\t<div class=\"elementor-container elementor-column-gap-default\">\n\t\t\t\t\t<div class=\"elementor-column elementor-col-100 elementor-top-column elementor-element elementor-element-yqxlybe\" data-id=\"yqxlybe\" data-element_type=\"column\">\n\t\t\t<div class=\"elementor-widget-wrap elementor-element-populated\">\n\t\t\t\t\t\t<div class=\"elementor-element elementor-element-iclhrx3 gallery-spacing-custom elementor-invisible elementor-widget elementor-widget-image-gallery\" data-id=\"iclhrx3\" data-element_type=\"widget\" data-settings=\"{&quot;_animation&quot;:&quot;zoomIn&quot;}\" data-widget_type=\"image-gallery.default\">\n\t\t\t\t<div class=\"elementor-widget-container\">\n\t\t\t\t\t<div class=\"elementor-image-gallery\">\n\t\t\t<div id='gallery-1' class='gallery galleryid-1096 gallery-columns-4 gallery-size-thumbnail'><figure class='gallery-item'>\n\t\t\t<div class='gallery-icon landscape'>\n\t\t\t\t<a data-elementor-open-lightbox=\"yes\" data-elementor-lightbox-slideshow=\"iclhrx3\" data-elementor-lightbox-title=\"24 Mart 2021 _Gaziantep G\u00fcne\u015f Gazetesi_ Ses&#039;sis Zamanlar _Gaziantep Sanat Merkezi\" data-e-action-hash=\"#elementor-action%3Aaction%3Dlightbox%26settings%3DeyJpZCI6MzAyNSwidXJsIjoiaHR0cHM6XC9cL296bGVtYWNhcm9nbHUuY29tXC93cC1jb250ZW50XC91cGxvYWRzXC8yMDIxXC8wNFwvMjQtTWFydC0yMDIxLV9HYXppYW50ZXAtR3VuZXMtR2F6ZXRlc2lfLVNlc3Npcy1aYW1hbmxhci1fR2F6aWFudGVwLVNhbmF0LU1lcmtlemkuanBnIiwic2xpZGVzaG93IjoiaWNsaHJ4MyJ9\" href='https:\/\/ozlemacaroglu.com\/wp-content\/uploads\/2021\/04\/24-Mart-2021-_Gaziantep-Gunes-Gazetesi_-Sessis-Zamanlar-_Gaziantep-Sanat-Merkezi.jpg'><img decoding=\"async\" width=\"150\" height=\"150\" src=\"https:\/\/ozlemacaroglu.com\/wp-content\/uploads\/2021\/04\/24-Mart-2021-_Gaziantep-Gunes-Gazetesi_-Sessis-Zamanlar-_Gaziantep-Sanat-Merkezi-150x150.jpg\" class=\"attachment-thumbnail size-thumbnail\" alt=\"\" aria-describedby=\"gallery-1-3025\" \/><\/a>\n\t\t\t<\/div>\n\t\t\t\t<figcaption class='wp-caption-text gallery-caption' id='gallery-1-3025'>\n\t\t\t\t24 Mart 2021-Gaziantep G\u00fcne\u015f Gazetesi &#8211; Ses&#8217;sis Zamanlar &#8211; Gaziantep Sanat Merkezi\n\t\t\t\t<\/figcaption><\/figure><figure class='gallery-item'>\n\t\t\t<div class='gallery-icon landscape'>\n\t\t\t\t<a data-elementor-open-lightbox=\"yes\" data-elementor-lightbox-slideshow=\"iclhrx3\" data-elementor-lightbox-title=\"Ses&#039;sis Zamanlar Mardin M\u00fczesi Hakimiyet Gazetesi\" data-e-action-hash=\"#elementor-action%3Aaction%3Dlightbox%26settings%3DeyJpZCI6MjcxMiwidXJsIjoiaHR0cHM6XC9cL296bGVtYWNhcm9nbHUuY29tXC93cC1jb250ZW50XC91cGxvYWRzXC8yMDE4XC8xMVwvU2Vzc2lzX1phbWFubGFyX01hcmRpbi1NdXplc2lfSGFraW1peWV0X0dhemV0ZXNpLmpwZyIsInNsaWRlc2hvdyI6ImljbGhyeDMifQ%3D%3D\" data-elementor-lightbox-description=\"Ses&#039;sis Zamanlar Mardin M\u00fczesi Hakimiyet Gazetesi\" href='https:\/\/ozlemacaroglu.com\/wp-content\/uploads\/2018\/11\/Sessis_Zamanlar_Mardin-Muzesi_Hakimiyet_Gazetesi.jpg'><img decoding=\"async\" width=\"150\" height=\"150\" src=\"https:\/\/ozlemacaroglu.com\/wp-content\/uploads\/2018\/11\/Sessis_Zamanlar_Mardin-Muzesi_Hakimiyet_Gazetesi-150x150.jpg\" class=\"attachment-thumbnail size-thumbnail\" alt=\"Ses&#039;sis Zamanlar Mardin M\u00fczesi Hakimiyet Gazetesi\" aria-describedby=\"gallery-1-2712\" \/><\/a>\n\t\t\t<\/div>\n\t\t\t\t<figcaption class='wp-caption-text gallery-caption' id='gallery-1-2712'>\n\t\t\t\tSes&#8217;sis Zamanlar Mardin M\u00fczesi Hakimiyet Gazetesi\n\t\t\t\t<\/figcaption><\/figure><figure class='gallery-item'>\n\t\t\t<div class='gallery-icon landscape'>\n\t\t\t\t<a data-elementor-open-lightbox=\"yes\" data-elementor-lightbox-slideshow=\"iclhrx3\" data-elementor-lightbox-title=\"Ankara-24-saat___\" data-e-action-hash=\"#elementor-action%3Aaction%3Dlightbox%26settings%3DeyJpZCI6MTQzNiwidXJsIjoiaHR0cHM6XC9cL296bGVtYWNhcm9nbHUuY29tXC93cC1jb250ZW50XC91cGxvYWRzXC8yMDE3XC8xMVwvQW5rYXJhLTI0LXNhYXRfX18uanBnIiwic2xpZGVzaG93IjoiaWNsaHJ4MyJ9\" data-elementor-lightbox-description=\"Ses&#039;sis Zamanlar Mardin M\u00fczesi Hakimiyet Gazetesi\" href='https:\/\/ozlemacaroglu.com\/wp-content\/uploads\/2017\/11\/Ankara-24-saat___.jpg'><img decoding=\"async\" width=\"150\" height=\"150\" src=\"https:\/\/ozlemacaroglu.com\/wp-content\/uploads\/2017\/11\/Ankara-24-saat___-150x150.jpg\" class=\"attachment-thumbnail size-thumbnail\" alt=\"\" \/><\/a>\n\t\t\t<\/div><\/figure><figure class='gallery-item'>\n\t\t\t<div class='gallery-icon portrait'>\n\t\t\t\t<a data-elementor-open-lightbox=\"yes\" data-elementor-lightbox-slideshow=\"iclhrx3\" data-elementor-lightbox-title=\"20171117_142026\" data-e-action-hash=\"#elementor-action%3Aaction%3Dlightbox%26settings%3DeyJpZCI6MTM5MSwidXJsIjoiaHR0cHM6XC9cL296bGVtYWNhcm9nbHUuY29tXC93cC1jb250ZW50XC91cGxvYWRzXC8yMDE3XC8xMVwvMjAxNzExMTdfMTQyMDI2LmpwZyIsInNsaWRlc2hvdyI6ImljbGhyeDMifQ%3D%3D\" data-elementor-lightbox-description=\"Ses&#039;sis Zamanlar Mardin M\u00fczesi Hakimiyet Gazetesi\" href='https:\/\/ozlemacaroglu.com\/wp-content\/uploads\/2017\/11\/20171117_142026.jpg'><img loading=\"lazy\" decoding=\"async\" width=\"150\" height=\"150\" src=\"https:\/\/ozlemacaroglu.com\/wp-content\/uploads\/2017\/11\/20171117_142026-150x150.jpg\" class=\"attachment-thumbnail size-thumbnail\" alt=\"\" \/><\/a>\n\t\t\t<\/div><\/figure><figure class='gallery-item'>\n\t\t\t<div class='gallery-icon landscape'>\n\t\t\t\t<a data-elementor-open-lightbox=\"yes\" data-elementor-lightbox-slideshow=\"iclhrx3\" data-elementor-lightbox-title=\"01\" data-e-action-hash=\"#elementor-action%3Aaction%3Dlightbox%26settings%3DeyJpZCI6MTE3MywidXJsIjoiaHR0cHM6XC9cL296bGVtYWNhcm9nbHUuY29tXC93cC1jb250ZW50XC91cGxvYWRzXC8yMDE3XC8xMVwvMDEuanBnIiwic2xpZGVzaG93IjoiaWNsaHJ4MyJ9\" data-elementor-lightbox-description=\"Bas\u0131n 01\" href='https:\/\/ozlemacaroglu.com\/wp-content\/uploads\/2017\/11\/01.jpg'><img loading=\"lazy\" decoding=\"async\" width=\"150\" height=\"150\" src=\"https:\/\/ozlemacaroglu.com\/wp-content\/uploads\/2017\/11\/01-150x150.jpg\" class=\"attachment-thumbnail size-thumbnail\" alt=\"Bas\u0131n 01\" \/><\/a>\n\t\t\t<\/div><\/figure><figure class='gallery-item'>\n\t\t\t<div class='gallery-icon landscape'>\n\t\t\t\t<a data-elementor-open-lightbox=\"yes\" data-elementor-lightbox-slideshow=\"iclhrx3\" data-elementor-lightbox-title=\"02\" data-e-action-hash=\"#elementor-action%3Aaction%3Dlightbox%26settings%3DeyJpZCI6MTE3NCwidXJsIjoiaHR0cHM6XC9cL296bGVtYWNhcm9nbHUuY29tXC93cC1jb250ZW50XC91cGxvYWRzXC8yMDE3XC8xMVwvMDIuanBnIiwic2xpZGVzaG93IjoiaWNsaHJ4MyJ9\" data-elementor-lightbox-description=\"Bas\u0131n 02\" href='https:\/\/ozlemacaroglu.com\/wp-content\/uploads\/2017\/11\/02.jpg'><img loading=\"lazy\" decoding=\"async\" width=\"150\" height=\"150\" src=\"https:\/\/ozlemacaroglu.com\/wp-content\/uploads\/2017\/11\/02-150x150.jpg\" class=\"attachment-thumbnail size-thumbnail\" alt=\"Bas\u0131n 02\" \/><\/a>\n\t\t\t<\/div><\/figure><figure class='gallery-item'>\n\t\t\t<div class='gallery-icon landscape'>\n\t\t\t\t<a data-elementor-open-lightbox=\"yes\" data-elementor-lightbox-slideshow=\"iclhrx3\" data-elementor-lightbox-title=\"03\" data-e-action-hash=\"#elementor-action%3Aaction%3Dlightbox%26settings%3DeyJpZCI6MTE3NSwidXJsIjoiaHR0cHM6XC9cL296bGVtYWNhcm9nbHUuY29tXC93cC1jb250ZW50XC91cGxvYWRzXC8yMDE3XC8xMVwvMDMuanBnIiwic2xpZGVzaG93IjoiaWNsaHJ4MyJ9\" data-elementor-lightbox-description=\"Bas\u0131n 03\" href='https:\/\/ozlemacaroglu.com\/wp-content\/uploads\/2017\/11\/03.jpg'><img loading=\"lazy\" decoding=\"async\" width=\"150\" height=\"150\" src=\"https:\/\/ozlemacaroglu.com\/wp-content\/uploads\/2017\/11\/03-150x150.jpg\" class=\"attachment-thumbnail size-thumbnail\" alt=\"Bas\u0131n 03\" \/><\/a>\n\t\t\t<\/div><\/figure><figure class='gallery-item'>\n\t\t\t<div class='gallery-icon portrait'>\n\t\t\t\t<a data-elementor-open-lightbox=\"yes\" data-elementor-lightbox-slideshow=\"iclhrx3\" data-elementor-lightbox-title=\"04\" data-e-action-hash=\"#elementor-action%3Aaction%3Dlightbox%26settings%3DeyJpZCI6MTE3NiwidXJsIjoiaHR0cHM6XC9cL296bGVtYWNhcm9nbHUuY29tXC93cC1jb250ZW50XC91cGxvYWRzXC8yMDE3XC8xMVwvMDQuanBnIiwic2xpZGVzaG93IjoiaWNsaHJ4MyJ9\" data-elementor-lightbox-description=\"Bas\u0131n 04\" href='https:\/\/ozlemacaroglu.com\/wp-content\/uploads\/2017\/11\/04.jpg'><img loading=\"lazy\" decoding=\"async\" width=\"150\" height=\"150\" src=\"https:\/\/ozlemacaroglu.com\/wp-content\/uploads\/2017\/11\/04-150x150.jpg\" class=\"attachment-thumbnail size-thumbnail\" alt=\"Bas\u0131n 04\" \/><\/a>\n\t\t\t<\/div><\/figure><figure class='gallery-item'>\n\t\t\t<div class='gallery-icon landscape'>\n\t\t\t\t<a data-elementor-open-lightbox=\"yes\" data-elementor-lightbox-slideshow=\"iclhrx3\" data-elementor-lightbox-title=\"05\" data-e-action-hash=\"#elementor-action%3Aaction%3Dlightbox%26settings%3DeyJpZCI6MTE3NywidXJsIjoiaHR0cHM6XC9cL296bGVtYWNhcm9nbHUuY29tXC93cC1jb250ZW50XC91cGxvYWRzXC8yMDE3XC8xMVwvMDUuanBnIiwic2xpZGVzaG93IjoiaWNsaHJ4MyJ9\" data-elementor-lightbox-description=\"Bas\u0131n 05\" href='https:\/\/ozlemacaroglu.com\/wp-content\/uploads\/2017\/11\/05.jpg'><img loading=\"lazy\" decoding=\"async\" width=\"150\" height=\"150\" src=\"https:\/\/ozlemacaroglu.com\/wp-content\/uploads\/2017\/11\/05-150x150.jpg\" class=\"attachment-thumbnail size-thumbnail\" alt=\"Bas\u0131n 05\" \/><\/a>\n\t\t\t<\/div><\/figure><figure class='gallery-item'>\n\t\t\t<div class='gallery-icon landscape'>\n\t\t\t\t<a data-elementor-open-lightbox=\"yes\" data-elementor-lightbox-slideshow=\"iclhrx3\" data-elementor-lightbox-title=\"06\" data-e-action-hash=\"#elementor-action%3Aaction%3Dlightbox%26settings%3DeyJpZCI6MTE3OCwidXJsIjoiaHR0cHM6XC9cL296bGVtYWNhcm9nbHUuY29tXC93cC1jb250ZW50XC91cGxvYWRzXC8yMDE3XC8xMVwvMDYuanBnIiwic2xpZGVzaG93IjoiaWNsaHJ4MyJ9\" data-elementor-lightbox-description=\"Bas\u0131n 06\" href='https:\/\/ozlemacaroglu.com\/wp-content\/uploads\/2017\/11\/06.jpg'><img loading=\"lazy\" decoding=\"async\" width=\"150\" height=\"150\" src=\"https:\/\/ozlemacaroglu.com\/wp-content\/uploads\/2017\/11\/06-150x150.jpg\" class=\"attachment-thumbnail size-thumbnail\" alt=\"Bas\u0131n 06\" \/><\/a>\n\t\t\t<\/div><\/figure><figure class='gallery-item'>\n\t\t\t<div class='gallery-icon portrait'>\n\t\t\t\t<a data-elementor-open-lightbox=\"yes\" data-elementor-lightbox-slideshow=\"iclhrx3\" data-elementor-lightbox-title=\"07\" data-e-action-hash=\"#elementor-action%3Aaction%3Dlightbox%26settings%3DeyJpZCI6MTE3OSwidXJsIjoiaHR0cHM6XC9cL296bGVtYWNhcm9nbHUuY29tXC93cC1jb250ZW50XC91cGxvYWRzXC8yMDE3XC8xMVwvMDcuanBnIiwic2xpZGVzaG93IjoiaWNsaHJ4MyJ9\" data-elementor-lightbox-description=\"Bas\u0131n 07\" href='https:\/\/ozlemacaroglu.com\/wp-content\/uploads\/2017\/11\/07.jpg'><img loading=\"lazy\" decoding=\"async\" width=\"150\" height=\"150\" src=\"https:\/\/ozlemacaroglu.com\/wp-content\/uploads\/2017\/11\/07-150x150.jpg\" class=\"attachment-thumbnail size-thumbnail\" alt=\"Bas\u0131n 07\" srcset=\"https:\/\/ozlemacaroglu.com\/wp-content\/uploads\/2017\/11\/07-150x150.jpg 150w, https:\/\/ozlemacaroglu.com\/wp-content\/uploads\/2017\/11\/07-768x775.jpg 768w, https:\/\/ozlemacaroglu.com\/wp-content\/uploads\/2017\/11\/07-1015x1024.jpg 1015w, https:\/\/ozlemacaroglu.com\/wp-content\/uploads\/2017\/11\/07-830x837.jpg 830w, https:\/\/ozlemacaroglu.com\/wp-content\/uploads\/2017\/11\/07-230x232.jpg 230w, https:\/\/ozlemacaroglu.com\/wp-content\/uploads\/2017\/11\/07-350x353.jpg 350w, https:\/\/ozlemacaroglu.com\/wp-content\/uploads\/2017\/11\/07-480x484.jpg 480w, https:\/\/ozlemacaroglu.com\/wp-content\/uploads\/2017\/11\/07.jpg 1024w\" sizes=\"(max-width: 150px) 100vw, 150px\" \/><\/a>\n\t\t\t<\/div><\/figure><figure class='gallery-item'>\n\t\t\t<div class='gallery-icon landscape'>\n\t\t\t\t<a data-elementor-open-lightbox=\"yes\" data-elementor-lightbox-slideshow=\"iclhrx3\" data-elementor-lightbox-title=\"08\" data-e-action-hash=\"#elementor-action%3Aaction%3Dlightbox%26settings%3DeyJpZCI6MTE4MCwidXJsIjoiaHR0cHM6XC9cL296bGVtYWNhcm9nbHUuY29tXC93cC1jb250ZW50XC91cGxvYWRzXC8yMDE3XC8xMVwvMDguanBnIiwic2xpZGVzaG93IjoiaWNsaHJ4MyJ9\" data-elementor-lightbox-description=\"Bas\u0131n 08\" href='https:\/\/ozlemacaroglu.com\/wp-content\/uploads\/2017\/11\/08.jpg'><img loading=\"lazy\" decoding=\"async\" width=\"150\" height=\"150\" src=\"https:\/\/ozlemacaroglu.com\/wp-content\/uploads\/2017\/11\/08-150x150.jpg\" class=\"attachment-thumbnail size-thumbnail\" alt=\"Bas\u0131n 08\" \/><\/a>\n\t\t\t<\/div><\/figure><figure class='gallery-item'>\n\t\t\t<div class='gallery-icon portrait'>\n\t\t\t\t<a data-elementor-open-lightbox=\"yes\" data-elementor-lightbox-slideshow=\"iclhrx3\" data-elementor-lightbox-title=\"09\" data-e-action-hash=\"#elementor-action%3Aaction%3Dlightbox%26settings%3DeyJpZCI6MTE4MSwidXJsIjoiaHR0cHM6XC9cL296bGVtYWNhcm9nbHUuY29tXC93cC1jb250ZW50XC91cGxvYWRzXC8yMDE3XC8xMVwvMDkuanBnIiwic2xpZGVzaG93IjoiaWNsaHJ4MyJ9\" data-elementor-lightbox-description=\"Bas\u0131n 09\" href='https:\/\/ozlemacaroglu.com\/wp-content\/uploads\/2017\/11\/09.jpg'><img loading=\"lazy\" decoding=\"async\" width=\"150\" height=\"150\" src=\"https:\/\/ozlemacaroglu.com\/wp-content\/uploads\/2017\/11\/09-150x150.jpg\" class=\"attachment-thumbnail size-thumbnail\" alt=\"Bas\u0131n 09\" \/><\/a>\n\t\t\t<\/div><\/figure><figure class='gallery-item'>\n\t\t\t<div class='gallery-icon landscape'>\n\t\t\t\t<a data-elementor-open-lightbox=\"yes\" data-elementor-lightbox-slideshow=\"iclhrx3\" data-elementor-lightbox-title=\"010\" data-e-action-hash=\"#elementor-action%3Aaction%3Dlightbox%26settings%3DeyJpZCI6MTE4MiwidXJsIjoiaHR0cHM6XC9cL296bGVtYWNhcm9nbHUuY29tXC93cC1jb250ZW50XC91cGxvYWRzXC8yMDE3XC8xMVwvMDEwLmpwZyIsInNsaWRlc2hvdyI6ImljbGhyeDMifQ%3D%3D\" data-elementor-lightbox-description=\"Bas\u0131n 10\" href='https:\/\/ozlemacaroglu.com\/wp-content\/uploads\/2017\/11\/010.jpg'><img loading=\"lazy\" decoding=\"async\" width=\"150\" height=\"150\" src=\"https:\/\/ozlemacaroglu.com\/wp-content\/uploads\/2017\/11\/010-150x150.jpg\" class=\"attachment-thumbnail size-thumbnail\" alt=\"Bas\u0131n 10\" \/><\/a>\n\t\t\t<\/div><\/figure><figure class='gallery-item'>\n\t\t\t<div class='gallery-icon landscape'>\n\t\t\t\t<a data-elementor-open-lightbox=\"yes\" data-elementor-lightbox-slideshow=\"iclhrx3\" data-elementor-lightbox-title=\"011\" data-e-action-hash=\"#elementor-action%3Aaction%3Dlightbox%26settings%3DeyJpZCI6MTE5NSwidXJsIjoiaHR0cHM6XC9cL296bGVtYWNhcm9nbHUuY29tXC93cC1jb250ZW50XC91cGxvYWRzXC8yMDE3XC8xMVwvMDExLmpwZyIsInNsaWRlc2hvdyI6ImljbGhyeDMifQ%3D%3D\" data-elementor-lightbox-description=\"Bas\u0131n 11\" href='https:\/\/ozlemacaroglu.com\/wp-content\/uploads\/2017\/11\/011.jpg'><img loading=\"lazy\" decoding=\"async\" width=\"150\" height=\"150\" src=\"https:\/\/ozlemacaroglu.com\/wp-content\/uploads\/2017\/11\/011-150x150.jpg\" class=\"attachment-thumbnail size-thumbnail\" alt=\"Bas\u0131n 11\" \/><\/a>\n\t\t\t<\/div><\/figure><figure class='gallery-item'>\n\t\t\t<div class='gallery-icon landscape'>\n\t\t\t\t<a data-elementor-open-lightbox=\"yes\" data-elementor-lightbox-slideshow=\"iclhrx3\" data-elementor-lightbox-title=\"012\" data-e-action-hash=\"#elementor-action%3Aaction%3Dlightbox%26settings%3DeyJpZCI6MTE5NiwidXJsIjoiaHR0cHM6XC9cL296bGVtYWNhcm9nbHUuY29tXC93cC1jb250ZW50XC91cGxvYWRzXC8yMDE3XC8xMVwvMDEyLmpwZyIsInNsaWRlc2hvdyI6ImljbGhyeDMifQ%3D%3D\" data-elementor-lightbox-description=\"Bas\u0131n 12\" href='https:\/\/ozlemacaroglu.com\/wp-content\/uploads\/2017\/11\/012.jpg'><img loading=\"lazy\" decoding=\"async\" width=\"150\" height=\"150\" src=\"https:\/\/ozlemacaroglu.com\/wp-content\/uploads\/2017\/11\/012-150x150.jpg\" class=\"attachment-thumbnail size-thumbnail\" alt=\"Bas\u0131n 12\" \/><\/a>\n\t\t\t<\/div><\/figure>\n\t\t<\/div>\n\t\t<\/div>\n\t\t\t\t<\/div>\n\t\t\t\t<\/div>\n\t\t\t\t\t<\/div>\n\t\t<\/div>\n\t\t\t\t\t<\/div>\n\t\t<\/section>\n\t\t\t\t<section class=\"elementor-section elementor-top-section elementor-element elementor-element-smzejdn elementor-section-boxed elementor-section-height-default elementor-section-height-default elementor-invisible\" data-id=\"smzejdn\" data-element_type=\"section\" data-settings=\"{&quot;animation&quot;:&quot;rotateIn&quot;}\">\n\t\t\t\t\t\t<div class=\"elementor-container elementor-column-gap-default\">\n\t\t\t\t\t<div class=\"elementor-column elementor-col-100 elementor-top-column elementor-element elementor-element-nflkcib\" data-id=\"nflkcib\" data-element_type=\"column\">\n\t\t\t<div class=\"elementor-widget-wrap elementor-element-populated\">\n\t\t\t\t\t\t<div class=\"elementor-element elementor-element-yforssm elementor-align-center elementor-widget elementor-widget-button\" data-id=\"yforssm\" data-element_type=\"widget\" data-widget_type=\"button.default\">\n\t\t\t\t<div class=\"elementor-widget-container\">\n\t\t\t\t\t<div class=\"elementor-button-wrapper\">\n\t\t\t<a class=\"elementor-button elementor-button-link elementor-size-sm\" href=\"http:\/\/ozlemacaroglu.com\/?page_id=1079\">\n\t\t\t\t\t\t<span class=\"elementor-button-content-wrapper\">\n\t\t\t\t\t\t<span class=\"elementor-button-icon elementor-align-icon-left\">\n\t\t\t\t<i aria-hidden=\"true\" class=\"fas fa-arrow-circle-left\"><\/i>\t\t\t<\/span>\n\t\t\t\t\t\t\t\t\t<span class=\"elementor-button-text\">\"Sergiler, Bas\u0131n, Fuarlar, G\u00f6steriler...\" sayfas\u0131na geri d\u00f6n...<\/span>\n\t\t\t\t\t<\/span>\n\t\t\t\t\t<\/a>\n\t\t<\/div>\n\t\t\t\t<\/div>\n\t\t\t\t<\/div>\n\t\t\t\t\t<\/div>\n\t\t<\/div>\n\t\t\t\t\t<\/div>\n\t\t<\/section>\n\t\t\t\t<\/div>\n\t\t ","protected":false},"excerpt":{"rendered":"<p>24 Mart 2021-Gaziantep G\u00fcne\u015f Gazetesi &#8211; Ses&#8217;sis Zamanlar &#8211; Gaziantep Sanat Merkezi Ses&#8217;sis Zamanlar Mardin M\u00fczesi Hakimiyet Gazetesi &#8220;Sergiler, Bas\u0131n, Fuarlar, G\u00f6steriler&#8230;&#8221; [&hellip;]<\/p>\n","protected":false},"author":1,"featured_media":0,"parent":0,"menu_order":0,"comment_status":"open","ping_status":"closed","template":"page-templates\/page_fullwidth.php","meta":{"footnotes":""},"_links":{"self":[{"href":"https:\/\/ozlemacaroglu.com\/index.php?rest_route=\/wp\/v2\/pages\/1096"}],"collection":[{"href":"https:\/\/ozlemacaroglu.com\/index.php?rest_route=\/wp\/v2\/pages"}],"about":[{"href":"https:\/\/ozlemacaroglu.com\/index.php?rest_route=\/wp\/v2\/types\/page"}],"author":[{"embeddable":true,"href":"https:\/\/ozlemacaroglu.com\/index.php?rest_route=\/wp\/v2\/users\/1"}],"replies":[{"embeddable":true,"href":"https:\/\/ozlemacaroglu.com\/index.php?rest_route=%2Fwp%2Fv2%2Fcomments&post=1096"}],"version-history":[{"count":25,"href":"https:\/\/ozlemacaroglu.com\/index.php?rest_route=\/wp\/v2\/pages\/1096\/revisions"}],"predecessor-version":[{"id":3030,"href":"https:\/\/ozlemacaroglu.com\/index.php?rest_route=\/wp\/v2\/pages\/1096\/revisions\/3030"}],"wp:attachment":[{"href":"https:\/\/ozlemacaroglu.com\/index.php?rest_route=%2Fwp%2Fv2%2Fmedia&parent=1096"}],"curies":[{"name":"wp","href":"https:\/\/api.w.org\/{rel}","templated":true}]}}