{"id":1092,"date":"2017-11-03T22:58:02","date_gmt":"2017-11-03T20:58:02","guid":{"rendered":"http:\/\/ozlemacaroglu.com\/?page_id=1092"},"modified":"2022-12-06T21:02:51","modified_gmt":"2022-12-06T18:02:51","slug":"sergiler","status":"publish","type":"page","link":"https:\/\/ozlemacaroglu.com\/?page_id=1092","title":{"rendered":"Sergiler &#8211; Karma"},"content":{"rendered":"\t\t<div data-elementor-type=\"wp-page\" data-elementor-id=\"1092\" class=\"elementor elementor-1092\">\n\t\t\t\t\t\t<section class=\"elementor-section elementor-top-section elementor-element elementor-element-ejt3y04 elementor-section-boxed elementor-section-height-default elementor-section-height-default\" data-id=\"ejt3y04\" data-element_type=\"section\">\n\t\t\t\t\t\t<div class=\"elementor-container elementor-column-gap-default\">\n\t\t\t\t\t<div class=\"elementor-column elementor-col-100 elementor-top-column elementor-element elementor-element-7xjlkmz\" data-id=\"7xjlkmz\" data-element_type=\"column\">\n\t\t\t<div class=\"elementor-widget-wrap elementor-element-populated\">\n\t\t\t\t\t\t<div class=\"elementor-element elementor-element-e3z1ej6 gallery-spacing-custom elementor-invisible elementor-widget elementor-widget-image-gallery\" data-id=\"e3z1ej6\" data-element_type=\"widget\" data-settings=\"{&quot;_animation&quot;:&quot;bounceInDown&quot;}\" data-widget_type=\"image-gallery.default\">\n\t\t\t\t<div class=\"elementor-widget-container\">\n\t\t\t\t\t<div class=\"elementor-image-gallery\">\n\t\t\t<div id='gallery-1' class='gallery galleryid-1092 gallery-columns-4 gallery-size-thumbnail'><figure class='gallery-item'>\n\t\t\t<div class='gallery-icon landscape'>\n\t\t\t\t<a data-elementor-open-lightbox=\"yes\" data-elementor-lightbox-slideshow=\"e3z1ej6\" data-elementor-lightbox-title=\"34. \u015einasi Barut\u00e7u Kupas\u0131 Foto\u011fraf Sergisi, Ifsak, Beyo\u011flu, Istanbul, 2022\" data-e-action-hash=\"#elementor-action%3Aaction%3Dlightbox%26settings%3DeyJpZCI6MzA3MywidXJsIjoiaHR0cHM6XC9cL296bGVtYWNhcm9nbHUuY29tXC93cC1jb250ZW50XC91cGxvYWRzXC8yMDIyXC8xMlwvMzQuLVNpbmFzaS1CYXJ1dGN1LUt1cGFzaS1Gb3RvZ3JhZi1TZXJnaXNpLUlmc2FrLUJleW9nbHUtSXN0YW5idWwuLmpwZyIsInNsaWRlc2hvdyI6ImUzejFlajYifQ%3D%3D\" href='https:\/\/ozlemacaroglu.com\/wp-content\/uploads\/2022\/12\/34.-Sinasi-Barutcu-Kupasi-Fotograf-Sergisi-Ifsak-Beyoglu-Istanbul..jpg'><img decoding=\"async\" width=\"150\" height=\"150\" src=\"https:\/\/ozlemacaroglu.com\/wp-content\/uploads\/2022\/12\/34.-Sinasi-Barutcu-Kupasi-Fotograf-Sergisi-Ifsak-Beyoglu-Istanbul.-150x150.jpg\" class=\"attachment-thumbnail size-thumbnail\" alt=\"\" aria-describedby=\"gallery-1-3073\" srcset=\"https:\/\/ozlemacaroglu.com\/wp-content\/uploads\/2022\/12\/34.-Sinasi-Barutcu-Kupasi-Fotograf-Sergisi-Ifsak-Beyoglu-Istanbul.-150x150.jpg 150w, https:\/\/ozlemacaroglu.com\/wp-content\/uploads\/2022\/12\/34.-Sinasi-Barutcu-Kupasi-Fotograf-Sergisi-Ifsak-Beyoglu-Istanbul.-300x300.jpg 300w, https:\/\/ozlemacaroglu.com\/wp-content\/uploads\/2022\/12\/34.-Sinasi-Barutcu-Kupasi-Fotograf-Sergisi-Ifsak-Beyoglu-Istanbul.-1024x1024.jpg 1024w, https:\/\/ozlemacaroglu.com\/wp-content\/uploads\/2022\/12\/34.-Sinasi-Barutcu-Kupasi-Fotograf-Sergisi-Ifsak-Beyoglu-Istanbul.-768x768.jpg 768w, https:\/\/ozlemacaroglu.com\/wp-content\/uploads\/2022\/12\/34.-Sinasi-Barutcu-Kupasi-Fotograf-Sergisi-Ifsak-Beyoglu-Istanbul.-830x830.jpg 830w, https:\/\/ozlemacaroglu.com\/wp-content\/uploads\/2022\/12\/34.-Sinasi-Barutcu-Kupasi-Fotograf-Sergisi-Ifsak-Beyoglu-Istanbul.-230x230.jpg 230w, https:\/\/ozlemacaroglu.com\/wp-content\/uploads\/2022\/12\/34.-Sinasi-Barutcu-Kupasi-Fotograf-Sergisi-Ifsak-Beyoglu-Istanbul.-350x350.jpg 350w, https:\/\/ozlemacaroglu.com\/wp-content\/uploads\/2022\/12\/34.-Sinasi-Barutcu-Kupasi-Fotograf-Sergisi-Ifsak-Beyoglu-Istanbul.-480x480.jpg 480w, https:\/\/ozlemacaroglu.com\/wp-content\/uploads\/2022\/12\/34.-Sinasi-Barutcu-Kupasi-Fotograf-Sergisi-Ifsak-Beyoglu-Istanbul..jpg 1440w\" sizes=\"(max-width: 150px) 100vw, 150px\" \/><\/a>\n\t\t\t<\/div>\n\t\t\t\t<figcaption class='wp-caption-text gallery-caption' id='gallery-1-3073'>\n\t\t\t\t34. \u015einasi Barut\u00e7u Kupas\u0131 Foto\u011fraf Sergisi, Ifsak, Beyo\u011flu, Istanbul, 2022\n\t\t\t\t<\/figcaption><\/figure><figure class='gallery-item'>\n\t\t\t<div class='gallery-icon portrait'>\n\t\t\t\t<a data-elementor-open-lightbox=\"yes\" data-elementor-lightbox-slideshow=\"e3z1ej6\" data-elementor-lightbox-title=\"Fotogen - 33. \u015einasi Barut\u00e7u Kupas\u0131 Sergisi - \u00d6zlem Acaro\u011flu, 2021\" data-e-action-hash=\"#elementor-action%3Aaction%3Dlightbox%26settings%3DeyJpZCI6MzAzMiwidXJsIjoiaHR0cHM6XC9cL296bGVtYWNhcm9nbHUuY29tXC93cC1jb250ZW50XC91cGxvYWRzXC8yMDIxXC8xMVwvZm90b2dlbi1zaW5hc2lfYmFydXRjdV9rdXBhc2ktb3psZW1fYWNhcm9nbHUuanBlZyIsInNsaWRlc2hvdyI6ImUzejFlajYifQ%3D%3D\" href='https:\/\/ozlemacaroglu.com\/wp-content\/uploads\/2021\/11\/fotogen-sinasi_barutcu_kupasi-ozlem_acaroglu.jpeg'><img decoding=\"async\" width=\"150\" height=\"150\" src=\"https:\/\/ozlemacaroglu.com\/wp-content\/uploads\/2021\/11\/fotogen-sinasi_barutcu_kupasi-ozlem_acaroglu-150x150.jpeg\" class=\"attachment-thumbnail size-thumbnail\" alt=\"\" aria-describedby=\"gallery-1-3032\" \/><\/a>\n\t\t\t<\/div>\n\t\t\t\t<figcaption class='wp-caption-text gallery-caption' id='gallery-1-3032'>\n\t\t\t\tFotogen &#8211; 33. \u015einasi Barut\u00e7u Kupas\u0131 Sergisi &#8211; \u00d6zlem Acaro\u011flu, 2021\n\t\t\t\t<\/figcaption><\/figure><figure class='gallery-item'>\n\t\t\t<div class='gallery-icon portrait'>\n\t\t\t\t<a data-elementor-open-lightbox=\"yes\" data-elementor-lightbox-slideshow=\"e3z1ej6\" data-elementor-lightbox-title=\"Giresun Foto\u011fraf\u00e7\u0131lar Derne\u011fi - \u00c7ocuklar\u0131m\u0131z Karma Sergisi\" data-e-action-hash=\"#elementor-action%3Aaction%3Dlightbox%26settings%3DeyJpZCI6MjYxMywidXJsIjoiaHR0cHM6XC9cL296bGVtYWNhcm9nbHUuY29tXC93cC1jb250ZW50XC91cGxvYWRzXC8yMDE4XC8wNFwvR2lyZXN1bl9Gb3RvZ3JhZmNpbGFyX0Rlcm5lZ2lfQ29jdWtsYXJpbWl6X0thcm1hLVNlcmdpc2kuanBnIiwic2xpZGVzaG93IjoiZTN6MWVqNiJ9\" data-elementor-lightbox-description=\"Giresun Foto\u011fraf\u00e7\u0131lar Derne\u011fi - \u00c7ocuklar\u0131m\u0131z Karma Sergisi\" href='https:\/\/ozlemacaroglu.com\/wp-content\/uploads\/2018\/04\/Giresun_Fotografcilar_Dernegi_Cocuklarimiz_Karma-Sergisi.jpg'><img decoding=\"async\" width=\"150\" height=\"150\" src=\"https:\/\/ozlemacaroglu.com\/wp-content\/uploads\/2018\/04\/Giresun_Fotografcilar_Dernegi_Cocuklarimiz_Karma-Sergisi-150x150.jpg\" class=\"attachment-thumbnail size-thumbnail\" alt=\"Giresun Foto\u011fraf\u00e7\u0131lar Derne\u011fi - \u00c7ocuklar\u0131m\u0131z Karma Sergisi\" aria-describedby=\"gallery-1-2613\" \/><\/a>\n\t\t\t<\/div>\n\t\t\t\t<figcaption class='wp-caption-text gallery-caption' id='gallery-1-2613'>\n\t\t\t\tSergiler Karma, Giresun Foto\u011fraf\u00e7\u0131lar Derne\u011fi &#8211; \u00c7ocuklar\u0131m\u0131z Karma Sergisi\n\t\t\t\t<\/figcaption><\/figure><figure class='gallery-item'>\n\t\t\t<div class='gallery-icon landscape'>\n\t\t\t\t<a data-elementor-open-lightbox=\"yes\" data-elementor-lightbox-slideshow=\"e3z1ej6\" data-elementor-lightbox-title=\"Sergiler Karma, Waiting for you_The Route Photo Gallery, Amsterdam, Netherlands, 2018\" data-e-action-hash=\"#elementor-action%3Aaction%3Dlightbox%26settings%3DeyJpZCI6MjQzOSwidXJsIjoiaHR0cHM6XC9cL296bGVtYWNhcm9nbHUuY29tXC93cC1jb250ZW50XC91cGxvYWRzXC8yMDE4XC8wMlwvU2VyZ2lsZXItS2FybWFXYWl0aW5nLWZvci15b3VfVGhlLVJvdXRlLVBob3RvLUdhbGxlcnlBbXN0ZXJkYW0tTmV0aGVybGFuZHMyMDE4LmpwZyIsInNsaWRlc2hvdyI6ImUzejFlajYifQ%3D%3D\" data-elementor-lightbox-description=\"Sergiler Karma, Waiting for you_The Route Photo Gallery, Amsterdam, Netherlands, 2018\" href='https:\/\/ozlemacaroglu.com\/wp-content\/uploads\/2018\/02\/Sergiler-KarmaWaiting-for-you_The-Route-Photo-GalleryAmsterdam-Netherlands2018.jpg'><img loading=\"lazy\" decoding=\"async\" width=\"150\" height=\"150\" src=\"https:\/\/ozlemacaroglu.com\/wp-content\/uploads\/2018\/02\/Sergiler-KarmaWaiting-for-you_The-Route-Photo-GalleryAmsterdam-Netherlands2018-150x150.jpg\" class=\"attachment-thumbnail size-thumbnail\" alt=\"Sergiler Karma, Waiting for you_The Route Photo Gallery, Amsterdam, Netherlands, 2018\" aria-describedby=\"gallery-1-2439\" \/><\/a>\n\t\t\t<\/div>\n\t\t\t\t<figcaption class='wp-caption-text gallery-caption' id='gallery-1-2439'>\n\t\t\t\tSergiler Karma, Waiting for you_The Route Photo Gallery, Amsterdam, Netherlands, 2018\n\t\t\t\t<\/figcaption><\/figure><figure class='gallery-item'>\n\t\t\t<div class='gallery-icon landscape'>\n\t\t\t\t<a data-elementor-open-lightbox=\"yes\" data-elementor-lightbox-slideshow=\"e3z1ej6\" data-elementor-lightbox-title=\"Sergiler Karma, Waiting for you_The Route Photo Gallery, Amsterdam, Netherlands, 2018\" data-e-action-hash=\"#elementor-action%3Aaction%3Dlightbox%26settings%3DeyJpZCI6MjQzOCwidXJsIjoiaHR0cHM6XC9cL296bGVtYWNhcm9nbHUuY29tXC93cC1jb250ZW50XC91cGxvYWRzXC8yMDE4XC8wMlwvU2VyZ2lsZXItS2FybWFXYWl0aW5nLWZvci15b3VfVGhlLVJvdXRlLVBob3RvLUdhbGxlcnlBbXN0ZXJkYW0tTmV0aGVybGFuZHMyMDE4LTIuanBnIiwic2xpZGVzaG93IjoiZTN6MWVqNiJ9\" data-elementor-lightbox-description=\"Sergiler Karma, Waiting for you_The Route Photo Gallery, Amsterdam, Netherlands, 2018\" href='https:\/\/ozlemacaroglu.com\/wp-content\/uploads\/2018\/02\/Sergiler-KarmaWaiting-for-you_The-Route-Photo-GalleryAmsterdam-Netherlands2018-2.jpg'><img loading=\"lazy\" decoding=\"async\" width=\"150\" height=\"150\" src=\"https:\/\/ozlemacaroglu.com\/wp-content\/uploads\/2018\/02\/Sergiler-KarmaWaiting-for-you_The-Route-Photo-GalleryAmsterdam-Netherlands2018-2-150x150.jpg\" class=\"attachment-thumbnail size-thumbnail\" alt=\"Sergiler Karma, Waiting for you_The Route Photo Gallery, Amsterdam, Netherlands, 2018\" aria-describedby=\"gallery-1-2438\" \/><\/a>\n\t\t\t<\/div>\n\t\t\t\t<figcaption class='wp-caption-text gallery-caption' id='gallery-1-2438'>\n\t\t\t\tSergiler Karma, Waiting for you_The Route Photo Gallery, Amsterdam, Netherlands, 2018\n\t\t\t\t<\/figcaption><\/figure><figure class='gallery-item'>\n\t\t\t<div class='gallery-icon landscape'>\n\t\t\t\t<a data-elementor-open-lightbox=\"yes\" data-elementor-lightbox-slideshow=\"e3z1ej6\" data-elementor-lightbox-title=\"\u0130stanbul Foto\u011fraf Galerisi Kutlama\" data-e-action-hash=\"#elementor-action%3Aaction%3Dlightbox%26settings%3DeyJpZCI6MTc2MCwidXJsIjoiaHR0cHM6XC9cL296bGVtYWNhcm9nbHUuY29tXC93cC1jb250ZW50XC91cGxvYWRzXC8yMDE3XC8xMlwvaXN0YW5idWxfRm90b2dyYWZfR2FsZXJpc2lfS3V0bGFtYS5qcGciLCJzbGlkZXNob3ciOiJlM3oxZWo2In0%3D\" data-elementor-lightbox-description=\"\u0130stanbul Foto\u011fraf Galerisi Kutlama\" href='https:\/\/ozlemacaroglu.com\/wp-content\/uploads\/2017\/12\/istanbul_Fotograf_Galerisi_Kutlama.jpg'><img loading=\"lazy\" decoding=\"async\" width=\"150\" height=\"150\" src=\"https:\/\/ozlemacaroglu.com\/wp-content\/uploads\/2017\/12\/istanbul_Fotograf_Galerisi_Kutlama-150x150.jpg\" class=\"attachment-thumbnail size-thumbnail\" alt=\"\u0130stanbul Foto\u011fraf Galerisi Kutlama\" aria-describedby=\"gallery-1-1760\" \/><\/a>\n\t\t\t<\/div>\n\t\t\t\t<figcaption class='wp-caption-text gallery-caption' id='gallery-1-1760'>\n\t\t\t\tSergiler Karma &#8211; \u0130stanbul Foto\u011fraf Galerisi Kutlama\n\t\t\t\t<\/figcaption><\/figure><figure class='gallery-item'>\n\t\t\t<div class='gallery-icon landscape'>\n\t\t\t\t<a data-elementor-open-lightbox=\"yes\" data-elementor-lightbox-slideshow=\"e3z1ej6\" data-elementor-lightbox-title=\"01_\" data-e-action-hash=\"#elementor-action%3Aaction%3Dlightbox%26settings%3DeyJpZCI6MTE0MiwidXJsIjoiaHR0cHM6XC9cL296bGVtYWNhcm9nbHUuY29tXC93cC1jb250ZW50XC91cGxvYWRzXC8yMDE3XC8xMVwvMDFfLmpwZyIsInNsaWRlc2hvdyI6ImUzejFlajYifQ%3D%3D\" data-elementor-lightbox-description=\"Sergiler Karma - Randevu, 2017\" href='https:\/\/ozlemacaroglu.com\/wp-content\/uploads\/2017\/11\/01_.jpg'><img loading=\"lazy\" decoding=\"async\" width=\"150\" height=\"150\" src=\"https:\/\/ozlemacaroglu.com\/wp-content\/uploads\/2017\/11\/01_-150x150.jpg\" class=\"attachment-thumbnail size-thumbnail\" alt=\"Sergiler Karma - Randevu, 2017\" aria-describedby=\"gallery-1-1142\" \/><\/a>\n\t\t\t<\/div>\n\t\t\t\t<figcaption class='wp-caption-text gallery-caption' id='gallery-1-1142'>\n\t\t\t\tSergiler Karma &#8211; Randevu, 2017\n\t\t\t\t<\/figcaption><\/figure><figure class='gallery-item'>\n\t\t\t<div class='gallery-icon landscape'>\n\t\t\t\t<a data-elementor-open-lightbox=\"yes\" data-elementor-lightbox-slideshow=\"e3z1ej6\" data-elementor-lightbox-title=\"02_\" data-e-action-hash=\"#elementor-action%3Aaction%3Dlightbox%26settings%3DeyJpZCI6MTE0MywidXJsIjoiaHR0cHM6XC9cL296bGVtYWNhcm9nbHUuY29tXC93cC1jb250ZW50XC91cGxvYWRzXC8yMDE3XC8xMVwvMDJfLmpwZyIsInNsaWRlc2hvdyI6ImUzejFlajYifQ%3D%3D\" data-elementor-lightbox-description=\"Sergiler Karma - Randevu, 2017\" href='https:\/\/ozlemacaroglu.com\/wp-content\/uploads\/2017\/11\/02_.jpg'><img loading=\"lazy\" decoding=\"async\" width=\"150\" height=\"150\" src=\"https:\/\/ozlemacaroglu.com\/wp-content\/uploads\/2017\/11\/02_-150x150.jpg\" class=\"attachment-thumbnail size-thumbnail\" alt=\"Sergiler Karma - Randevu, 2017\" aria-describedby=\"gallery-1-1143\" \/><\/a>\n\t\t\t<\/div>\n\t\t\t\t<figcaption class='wp-caption-text gallery-caption' id='gallery-1-1143'>\n\t\t\t\tSergiler Karma &#8211; Randevu, 2017\n\t\t\t\t<\/figcaption><\/figure><figure class='gallery-item'>\n\t\t\t<div class='gallery-icon portrait'>\n\t\t\t\t<a data-elementor-open-lightbox=\"yes\" data-elementor-lightbox-slideshow=\"e3z1ej6\" data-elementor-lightbox-title=\"03_\" data-e-action-hash=\"#elementor-action%3Aaction%3Dlightbox%26settings%3DeyJpZCI6MTE0NCwidXJsIjoiaHR0cHM6XC9cL296bGVtYWNhcm9nbHUuY29tXC93cC1jb250ZW50XC91cGxvYWRzXC8yMDE3XC8xMVwvMDNfLnBuZyIsInNsaWRlc2hvdyI6ImUzejFlajYifQ%3D%3D\" data-elementor-lightbox-description=\"Sergiler Karma - Flickr\" href='https:\/\/ozlemacaroglu.com\/wp-content\/uploads\/2017\/11\/03_.png'><img loading=\"lazy\" decoding=\"async\" width=\"150\" height=\"150\" src=\"https:\/\/ozlemacaroglu.com\/wp-content\/uploads\/2017\/11\/03_-150x150.png\" class=\"attachment-thumbnail size-thumbnail\" alt=\"Sergiler Karma - Flickr\" aria-describedby=\"gallery-1-1144\" \/><\/a>\n\t\t\t<\/div>\n\t\t\t\t<figcaption class='wp-caption-text gallery-caption' id='gallery-1-1144'>\n\t\t\t\tSergiler Karma &#8211; Randevu 2017\n\t\t\t\t<\/figcaption><\/figure><figure class='gallery-item'>\n\t\t\t<div class='gallery-icon landscape'>\n\t\t\t\t<a data-elementor-open-lightbox=\"yes\" data-elementor-lightbox-slideshow=\"e3z1ej6\" data-elementor-lightbox-title=\"04_\" data-e-action-hash=\"#elementor-action%3Aaction%3Dlightbox%26settings%3DeyJpZCI6MTE0NSwidXJsIjoiaHR0cHM6XC9cL296bGVtYWNhcm9nbHUuY29tXC93cC1jb250ZW50XC91cGxvYWRzXC8yMDE3XC8xMVwvMDRfLnBuZyIsInNsaWRlc2hvdyI6ImUzejFlajYifQ%3D%3D\" data-elementor-lightbox-description=\"Sergiler Karma - Yaln\u0131zl\u0131k-Solitude, 2017\" href='https:\/\/ozlemacaroglu.com\/wp-content\/uploads\/2017\/11\/04_.png'><img loading=\"lazy\" decoding=\"async\" width=\"150\" height=\"150\" src=\"https:\/\/ozlemacaroglu.com\/wp-content\/uploads\/2017\/11\/04_-150x150.png\" class=\"attachment-thumbnail size-thumbnail\" alt=\"Sergiler Karma - Yaln\u0131zl\u0131k-Solitude, 2017\" aria-describedby=\"gallery-1-1145\" srcset=\"https:\/\/ozlemacaroglu.com\/wp-content\/uploads\/2017\/11\/04_-150x150.png 150w, https:\/\/ozlemacaroglu.com\/wp-content\/uploads\/2017\/11\/04_-300x300.png 300w, https:\/\/ozlemacaroglu.com\/wp-content\/uploads\/2017\/11\/04_-230x230.png 230w, https:\/\/ozlemacaroglu.com\/wp-content\/uploads\/2017\/11\/04_-350x350.png 350w, https:\/\/ozlemacaroglu.com\/wp-content\/uploads\/2017\/11\/04_-480x480.png 480w, https:\/\/ozlemacaroglu.com\/wp-content\/uploads\/2017\/11\/04_.png 700w\" sizes=\"(max-width: 150px) 100vw, 150px\" \/><\/a>\n\t\t\t<\/div>\n\t\t\t\t<figcaption class='wp-caption-text gallery-caption' id='gallery-1-1145'>\n\t\t\t\tSergiler Karma &#8211; Yaln\u0131zl\u0131k-Solitude, 2017\n\t\t\t\t<\/figcaption><\/figure><figure class='gallery-item'>\n\t\t\t<div class='gallery-icon landscape'>\n\t\t\t\t<a data-elementor-open-lightbox=\"yes\" data-elementor-lightbox-slideshow=\"e3z1ej6\" data-elementor-lightbox-title=\"05_\" data-e-action-hash=\"#elementor-action%3Aaction%3Dlightbox%26settings%3DeyJpZCI6MTE0NiwidXJsIjoiaHR0cHM6XC9cL296bGVtYWNhcm9nbHUuY29tXC93cC1jb250ZW50XC91cGxvYWRzXC8yMDE3XC8xMVwvMDVfLmpwZyIsInNsaWRlc2hvdyI6ImUzejFlajYifQ%3D%3D\" data-elementor-lightbox-description=\"Sergiler Karma - Yaln\u0131zl\u0131k-Solitude, 2017\" href='https:\/\/ozlemacaroglu.com\/wp-content\/uploads\/2017\/11\/05_.jpg'><img loading=\"lazy\" decoding=\"async\" width=\"150\" height=\"150\" src=\"https:\/\/ozlemacaroglu.com\/wp-content\/uploads\/2017\/11\/05_-150x150.jpg\" class=\"attachment-thumbnail size-thumbnail\" alt=\"Sergiler Karma - Yaln\u0131zl\u0131k-Solitude, 2017\" aria-describedby=\"gallery-1-1146\" srcset=\"https:\/\/ozlemacaroglu.com\/wp-content\/uploads\/2017\/11\/05_-150x150.jpg 150w, https:\/\/ozlemacaroglu.com\/wp-content\/uploads\/2017\/11\/05_-300x300.jpg 300w, https:\/\/ozlemacaroglu.com\/wp-content\/uploads\/2017\/11\/05_-768x768.jpg 768w, https:\/\/ozlemacaroglu.com\/wp-content\/uploads\/2017\/11\/05_-830x830.jpg 830w, https:\/\/ozlemacaroglu.com\/wp-content\/uploads\/2017\/11\/05_-230x230.jpg 230w, https:\/\/ozlemacaroglu.com\/wp-content\/uploads\/2017\/11\/05_-350x350.jpg 350w, https:\/\/ozlemacaroglu.com\/wp-content\/uploads\/2017\/11\/05_-480x480.jpg 480w, https:\/\/ozlemacaroglu.com\/wp-content\/uploads\/2017\/11\/05_.jpg 960w\" sizes=\"(max-width: 150px) 100vw, 150px\" \/><\/a>\n\t\t\t<\/div>\n\t\t\t\t<figcaption class='wp-caption-text gallery-caption' id='gallery-1-1146'>\n\t\t\t\tSergiler Karma &#8211; Yaln\u0131zl\u0131k-Solitude, 2017\n\t\t\t\t<\/figcaption><\/figure><figure class='gallery-item'>\n\t\t\t<div class='gallery-icon landscape'>\n\t\t\t\t<a data-elementor-open-lightbox=\"yes\" data-elementor-lightbox-slideshow=\"e3z1ej6\" data-elementor-lightbox-title=\"06_\" data-e-action-hash=\"#elementor-action%3Aaction%3Dlightbox%26settings%3DeyJpZCI6MTE0NywidXJsIjoiaHR0cHM6XC9cL296bGVtYWNhcm9nbHUuY29tXC93cC1jb250ZW50XC91cGxvYWRzXC8yMDE3XC8xMVwvMDZfLmpwZyIsInNsaWRlc2hvdyI6ImUzejFlajYifQ%3D%3D\" data-elementor-lightbox-description=\"Sergiler Karma - Yaln\u0131zl\u0131k-Solitude, 2017\" href='https:\/\/ozlemacaroglu.com\/wp-content\/uploads\/2017\/11\/06_.jpg'><img loading=\"lazy\" decoding=\"async\" width=\"150\" height=\"150\" src=\"https:\/\/ozlemacaroglu.com\/wp-content\/uploads\/2017\/11\/06_-150x150.jpg\" class=\"attachment-thumbnail size-thumbnail\" alt=\"Sergiler Karma - Yaln\u0131zl\u0131k-Solitude, 2017\" aria-describedby=\"gallery-1-1147\" srcset=\"https:\/\/ozlemacaroglu.com\/wp-content\/uploads\/2017\/11\/06_-150x150.jpg 150w, https:\/\/ozlemacaroglu.com\/wp-content\/uploads\/2017\/11\/06_-300x300.jpg 300w, https:\/\/ozlemacaroglu.com\/wp-content\/uploads\/2017\/11\/06_-230x230.jpg 230w, https:\/\/ozlemacaroglu.com\/wp-content\/uploads\/2017\/11\/06_-350x350.jpg 350w, https:\/\/ozlemacaroglu.com\/wp-content\/uploads\/2017\/11\/06_-480x480.jpg 480w, https:\/\/ozlemacaroglu.com\/wp-content\/uploads\/2017\/11\/06_.jpg 700w\" sizes=\"(max-width: 150px) 100vw, 150px\" \/><\/a>\n\t\t\t<\/div>\n\t\t\t\t<figcaption class='wp-caption-text gallery-caption' id='gallery-1-1147'>\n\t\t\t\tSergiler Karma &#8211; Yaln\u0131zl\u0131k-Solitude, 2017\n\t\t\t\t<\/figcaption><\/figure><figure class='gallery-item'>\n\t\t\t<div class='gallery-icon landscape'>\n\t\t\t\t<a data-elementor-open-lightbox=\"yes\" data-elementor-lightbox-slideshow=\"e3z1ej6\" data-elementor-lightbox-title=\"07_\" data-e-action-hash=\"#elementor-action%3Aaction%3Dlightbox%26settings%3DeyJpZCI6MTE0OCwidXJsIjoiaHR0cHM6XC9cL296bGVtYWNhcm9nbHUuY29tXC93cC1jb250ZW50XC91cGxvYWRzXC8yMDE3XC8xMVwvMDdfLmpwZyIsInNsaWRlc2hvdyI6ImUzejFlajYifQ%3D%3D\" data-elementor-lightbox-description=\"Sergiler Karma - Vardiya, 2012\" href='https:\/\/ozlemacaroglu.com\/wp-content\/uploads\/2017\/11\/07_.jpg'><img loading=\"lazy\" decoding=\"async\" width=\"150\" height=\"150\" src=\"https:\/\/ozlemacaroglu.com\/wp-content\/uploads\/2017\/11\/07_-150x150.jpg\" class=\"attachment-thumbnail size-thumbnail\" alt=\"Sergiler Karma - Vardiya, 2012\" aria-describedby=\"gallery-1-1148\" \/><\/a>\n\t\t\t<\/div>\n\t\t\t\t<figcaption class='wp-caption-text gallery-caption' id='gallery-1-1148'>\n\t\t\t\tSergiler Karma &#8211; Vardiya, 2012\n\t\t\t\t<\/figcaption><\/figure><figure class='gallery-item'>\n\t\t\t<div class='gallery-icon landscape'>\n\t\t\t\t<a data-elementor-open-lightbox=\"yes\" data-elementor-lightbox-slideshow=\"e3z1ej6\" data-elementor-lightbox-title=\"08_\" data-e-action-hash=\"#elementor-action%3Aaction%3Dlightbox%26settings%3DeyJpZCI6MTE0OSwidXJsIjoiaHR0cHM6XC9cL296bGVtYWNhcm9nbHUuY29tXC93cC1jb250ZW50XC91cGxvYWRzXC8yMDE3XC8xMVwvMDhfLmpwZyIsInNsaWRlc2hvdyI6ImUzejFlajYifQ%3D%3D\" data-elementor-lightbox-description=\"Sergiler Karma - Manidar, 2012\" href='https:\/\/ozlemacaroglu.com\/wp-content\/uploads\/2017\/11\/08_.jpg'><img loading=\"lazy\" decoding=\"async\" width=\"150\" height=\"150\" src=\"https:\/\/ozlemacaroglu.com\/wp-content\/uploads\/2017\/11\/08_-150x150.jpg\" class=\"attachment-thumbnail size-thumbnail\" alt=\"Sergiler Karma - Manidar, 2012\" aria-describedby=\"gallery-1-1149\" \/><\/a>\n\t\t\t<\/div>\n\t\t\t\t<figcaption class='wp-caption-text gallery-caption' id='gallery-1-1149'>\n\t\t\t\tSergiler Karma &#8211; Manidar, 2012\n\t\t\t\t<\/figcaption><\/figure>\n\t\t<\/div>\n\t\t<\/div>\n\t\t\t\t<\/div>\n\t\t\t\t<\/div>\n\t\t\t\t\t<\/div>\n\t\t<\/div>\n\t\t\t\t\t<\/div>\n\t\t<\/section>\n\t\t\t\t<section class=\"elementor-section elementor-top-section elementor-element elementor-element-luuutlp elementor-section-boxed elementor-section-height-default elementor-section-height-default elementor-invisible\" data-id=\"luuutlp\" data-element_type=\"section\" data-settings=\"{&quot;animation&quot;:&quot;rotateIn&quot;}\">\n\t\t\t\t\t\t<div class=\"elementor-container elementor-column-gap-default\">\n\t\t\t\t\t<div class=\"elementor-column elementor-col-100 elementor-top-column elementor-element elementor-element-wfkqcgw\" data-id=\"wfkqcgw\" data-element_type=\"column\">\n\t\t\t<div class=\"elementor-widget-wrap elementor-element-populated\">\n\t\t\t\t\t\t<div class=\"elementor-element elementor-element-fgugoob elementor-align-center elementor-widget elementor-widget-button\" data-id=\"fgugoob\" data-element_type=\"widget\" data-widget_type=\"button.default\">\n\t\t\t\t<div class=\"elementor-widget-container\">\n\t\t\t\t\t<div class=\"elementor-button-wrapper\">\n\t\t\t<a class=\"elementor-button elementor-button-link elementor-size-sm\" href=\"http:\/\/ozlemacaroglu.com\/?page_id=1079\">\n\t\t\t\t\t\t<span class=\"elementor-button-content-wrapper\">\n\t\t\t\t\t\t<span class=\"elementor-button-icon elementor-align-icon-left\">\n\t\t\t\t<i aria-hidden=\"true\" class=\"fas fa-arrow-circle-left\"><\/i>\t\t\t<\/span>\n\t\t\t\t\t\t\t\t\t<span class=\"elementor-button-text\">\"Sergiler, Bas\u0131n, Fuarlar, G\u00f6steriler...\" sayfas\u0131na geri d\u00f6n...<\/span>\n\t\t\t\t\t<\/span>\n\t\t\t\t\t<\/a>\n\t\t<\/div>\n\t\t\t\t<\/div>\n\t\t\t\t<\/div>\n\t\t\t\t\t<\/div>\n\t\t<\/div>\n\t\t\t\t\t<\/div>\n\t\t<\/section>\n\t\t\t\t<\/div>\n\t\t ","protected":false},"excerpt":{"rendered":"<p>34. \u015einasi Barut\u00e7u Kupas\u0131 Foto\u011fraf Sergisi, Ifsak, Beyo\u011flu, Istanbul, 2022 Fotogen &#8211; 33. \u015einasi Barut\u00e7u Kupas\u0131 Sergisi &#8211; \u00d6zlem Acaro\u011flu, 2021 Sergiler [&hellip;]<\/p>\n","protected":false},"author":1,"featured_media":0,"parent":0,"menu_order":0,"comment_status":"open","ping_status":"closed","template":"page-templates\/page_fullwidth.php","meta":{"footnotes":""},"_links":{"self":[{"href":"https:\/\/ozlemacaroglu.com\/index.php?rest_route=\/wp\/v2\/pages\/1092"}],"collection":[{"href":"https:\/\/ozlemacaroglu.com\/index.php?rest_route=\/wp\/v2\/pages"}],"about":[{"href":"https:\/\/ozlemacaroglu.com\/index.php?rest_route=\/wp\/v2\/types\/page"}],"author":[{"embeddable":true,"href":"https:\/\/ozlemacaroglu.com\/index.php?rest_route=\/wp\/v2\/users\/1"}],"replies":[{"embeddable":true,"href":"https:\/\/ozlemacaroglu.com\/index.php?rest_route=%2Fwp%2Fv2%2Fcomments&post=1092"}],"version-history":[{"count":36,"href":"https:\/\/ozlemacaroglu.com\/index.php?rest_route=\/wp\/v2\/pages\/1092\/revisions"}],"predecessor-version":[{"id":3088,"href":"https:\/\/ozlemacaroglu.com\/index.php?rest_route=\/wp\/v2\/pages\/1092\/revisions\/3088"}],"wp:attachment":[{"href":"https:\/\/ozlemacaroglu.com\/index.php?rest_route=%2Fwp%2Fv2%2Fmedia&parent=1092"}],"curies":[{"name":"wp","href":"https:\/\/api.w.org\/{rel}","templated":true}]}}