{"id":1079,"date":"2017-11-03T22:33:43","date_gmt":"2017-11-03T20:33:43","guid":{"rendered":"http:\/\/ozlemacaroglu.com\/?page_id=1079"},"modified":"2021-04-01T16:18:10","modified_gmt":"2021-04-01T13:18:10","slug":"sergiler-linkler-basin-fuarlar","status":"publish","type":"page","link":"https:\/\/ozlemacaroglu.com\/?page_id=1079","title":{"rendered":"Sergiler &#8211; Bas\u0131n &#8211; Fuarlar &#8211; G\u00f6steriler&#8230;"},"content":{"rendered":"\t\t<div data-elementor-type=\"wp-page\" data-elementor-id=\"1079\" class=\"elementor elementor-1079\">\n\t\t\t\t\t\t<section class=\"elementor-section elementor-top-section elementor-element elementor-element-7fkl4nq elementor-section-boxed elementor-section-height-default elementor-section-height-default\" data-id=\"7fkl4nq\" data-element_type=\"section\">\n\t\t\t\t\t\t<div class=\"elementor-container elementor-column-gap-default\">\n\t\t\t\t\t<div class=\"elementor-column elementor-col-25 elementor-top-column elementor-element elementor-element-6eg342g\" data-id=\"6eg342g\" data-element_type=\"column\">\n\t\t\t<div class=\"elementor-widget-wrap elementor-element-populated\">\n\t\t\t\t\t\t<div class=\"elementor-element elementor-element-swzyegc elementor-widget elementor-widget-text-editor\" data-id=\"swzyegc\" data-element_type=\"widget\" data-widget_type=\"text-editor.default\">\n\t\t\t\t<div class=\"elementor-widget-container\">\n\t\t\t\t\t\t\t<h5>Sergiler<\/h5>\t\t\t\t\t\t<\/div>\n\t\t\t\t<\/div>\n\t\t\t\t<div class=\"elementor-element elementor-element-luyb4rm elementor-widget elementor-widget-text-editor\" data-id=\"luyb4rm\" data-element_type=\"widget\" data-widget_type=\"text-editor.default\">\n\t\t\t\t<div class=\"elementor-widget-container\">\n\t\t\t\t\t\t\t<h6><a href=\"http:\/\/ozlemacaroglu.com\/?page_id=1092\">Sergiler &#8211; Karma<\/a><br \/><a href=\"http:\/\/ozlemacaroglu.com\/?page_id=1113\">Sergiler &#8211; Ki\u015fisel<\/a><\/h6>\t\t\t\t\t\t<\/div>\n\t\t\t\t<\/div>\n\t\t\t\t\t<\/div>\n\t\t<\/div>\n\t\t\t\t<div class=\"elementor-column elementor-col-25 elementor-top-column elementor-element elementor-element-msk6cco\" data-id=\"msk6cco\" data-element_type=\"column\">\n\t\t\t<div class=\"elementor-widget-wrap elementor-element-populated\">\n\t\t\t\t\t\t<div class=\"elementor-element elementor-element-ahq0yok elementor-widget elementor-widget-text-editor\" data-id=\"ahq0yok\" data-element_type=\"widget\" data-widget_type=\"text-editor.default\">\n\t\t\t\t<div class=\"elementor-widget-container\">\n\t\t\t\t\t\t\t<h5><a href=\"http:\/\/ozlemacaroglu.com\/?page_id=1096\">Bas\u0131n<\/a><\/h5>\t\t\t\t\t\t<\/div>\n\t\t\t\t<\/div>\n\t\t\t\t\t<\/div>\n\t\t<\/div>\n\t\t\t\t<div class=\"elementor-column elementor-col-25 elementor-top-column elementor-element elementor-element-mwho5eg\" data-id=\"mwho5eg\" data-element_type=\"column\">\n\t\t\t<div class=\"elementor-widget-wrap elementor-element-populated\">\n\t\t\t\t\t\t<div class=\"elementor-element elementor-element-ga7bcuq elementor-widget elementor-widget-text-editor\" data-id=\"ga7bcuq\" data-element_type=\"widget\" data-widget_type=\"text-editor.default\">\n\t\t\t\t<div class=\"elementor-widget-container\">\n\t\t\t\t\t\t\t<h5><a href=\"http:\/\/ozlemacaroglu.com\/?page_id=1098\">Fuarlar<\/a><\/h5>\t\t\t\t\t\t<\/div>\n\t\t\t\t<\/div>\n\t\t\t\t\t<\/div>\n\t\t<\/div>\n\t\t\t\t<div class=\"elementor-column elementor-col-25 elementor-top-column elementor-element elementor-element-b7ae61b\" data-id=\"b7ae61b\" data-element_type=\"column\">\n\t\t\t<div class=\"elementor-widget-wrap elementor-element-populated\">\n\t\t\t\t\t\t<div class=\"elementor-element elementor-element-a94588d elementor-widget elementor-widget-text-editor\" data-id=\"a94588d\" data-element_type=\"widget\" data-widget_type=\"text-editor.default\">\n\t\t\t\t<div class=\"elementor-widget-container\">\n\t\t\t\t\t\t\t<h5><a href=\"http:\/\/ozlemacaroglu.com\/?page_id=2569\">G\u00f6steriler<\/a><\/h5>\t\t\t\t\t\t<\/div>\n\t\t\t\t<\/div>\n\t\t\t\t\t<\/div>\n\t\t<\/div>\n\t\t\t\t\t<\/div>\n\t\t<\/section>\n\t\t\t\t<\/div>\n\t\t ","protected":false},"excerpt":{"rendered":"<p>Sergiler Sergiler &#8211; KarmaSergiler &#8211; Ki\u015fisel Bas\u0131n Fuarlar G\u00f6steriler<\/p>\n","protected":false},"author":1,"featured_media":0,"parent":0,"menu_order":0,"comment_status":"closed","ping_status":"closed","template":"page-templates\/page_fullwidth.php","meta":{"footnotes":""},"_links":{"self":[{"href":"https:\/\/ozlemacaroglu.com\/index.php?rest_route=\/wp\/v2\/pages\/1079"}],"collection":[{"href":"https:\/\/ozlemacaroglu.com\/index.php?rest_route=\/wp\/v2\/pages"}],"about":[{"href":"https:\/\/ozlemacaroglu.com\/index.php?rest_route=\/wp\/v2\/types\/page"}],"author":[{"embeddable":true,"href":"https:\/\/ozlemacaroglu.com\/index.php?rest_route=\/wp\/v2\/users\/1"}],"replies":[{"embeddable":true,"href":"https:\/\/ozlemacaroglu.com\/index.php?rest_route=%2Fwp%2Fv2%2Fcomments&post=1079"}],"version-history":[{"count":16,"href":"https:\/\/ozlemacaroglu.com\/index.php?rest_route=\/wp\/v2\/pages\/1079\/revisions"}],"predecessor-version":[{"id":2922,"href":"https:\/\/ozlemacaroglu.com\/index.php?rest_route=\/wp\/v2\/pages\/1079\/revisions\/2922"}],"wp:attachment":[{"href":"https:\/\/ozlemacaroglu.com\/index.php?rest_route=%2Fwp%2Fv2%2Fmedia&parent=1079"}],"curies":[{"name":"wp","href":"https:\/\/api.w.org\/{rel}","templated":true}]}}